{"id":8681,"date":"2026-04-11T08:09:58","date_gmt":"2026-04-11T05:09:58","guid":{"rendered":"https:\/\/ozince.com\/magaza\/kategorilenmemis\/vr-01-37875-02-takim-conta-astra-j-corsa-d-chevrolet-aveo-cruze-a12xel-a12xer-a14xel-a14xer-b14xer-ust-kapak-conta-ve-krank-kecesi-yok\/"},"modified":"2026-04-11T08:09:58","modified_gmt":"2026-04-11T05:09:58","slug":"vr-01-37875-02-takim-conta-astra-j-corsa-d-chevrolet-aveo-cruze-a12xel-a12xer-a14xel-a14xer-b14xer-ust-kapak-conta-ve-krank-kecesi-yok","status":"publish","type":"product","link":"https:\/\/ozince.com\/magaza\/motor-mekanik-urunleri\/vr-01-37875-02-takim-conta-astra-j-corsa-d-chevrolet-aveo-cruze-a12xel-a12xer-a14xel-a14xer-b14xer-ust-kapak-conta-ve-krank-kecesi-yok\/","title":{"rendered":"VR-01-37875-02 TAKIM CONTA ASTRA J \/ CORSA D \/ CHEVROLET AVEO \/ CRUZE A12XEL-A12XER-A14XEL-A14XER-B14XER (\u00dcST KAPAK CONTA VE KRANK KE\u00c7ES\u0130 YOK )"},"content":{"rendered":"","protected":false},"excerpt":{"rendered":"","protected":false},"featured_media":14017,"template":"","meta":[],"product_brand":[422],"product_cat":[298],"product_tag":[378],"class_list":{"0":"post-8681","1":"product","2":"type-product","3":"status-publish","4":"has-post-thumbnail","6":"arac_markasi_modeli-astra-j","7":"arac_markasi_modeli-corsa-d","8":"arac_markasi_modeli-opel","9":"product_brand-v-reinz","10":"product_cat-motor-mekanik-urunleri","11":"product_tag-altay","13":"first","14":"instock","15":"taxable","16":"shipping-taxable","17":"purchasable","18":"product-type-simple"},"jetpack_sharing_enabled":true,"_links":{"self":[{"href":"https:\/\/ozince.com\/magaza\/wp-json\/wp\/v2\/product\/8681","targetHints":{"allow":["GET"]}}],"collection":[{"href":"https:\/\/ozince.com\/magaza\/wp-json\/wp\/v2\/product"}],"about":[{"href":"https:\/\/ozince.com\/magaza\/wp-json\/wp\/v2\/types\/product"}],"wp:featuredmedia":[{"embeddable":true,"href":"https:\/\/ozince.com\/magaza\/wp-json\/wp\/v2\/media\/14017"}],"wp:attachment":[{"href":"https:\/\/ozince.com\/magaza\/wp-json\/wp\/v2\/media?parent=8681"}],"wp:term":[{"taxonomy":"product_brand","embeddable":true,"href":"https:\/\/ozince.com\/magaza\/wp-json\/wp\/v2\/product_brand?post=8681"},{"taxonomy":"product_cat","embeddable":true,"href":"https:\/\/ozince.com\/magaza\/wp-json\/wp\/v2\/product_cat?post=8681"},{"taxonomy":"product_tag","embeddable":true,"href":"https:\/\/ozince.com\/magaza\/wp-json\/wp\/v2\/product_tag?post=8681"}],"curies":[{"name":"wp","href":"https:\/\/api.w.org\/{rel}","templated":true}]}}