{"id":8644,"date":"2026-04-28T08:06:52","date_gmt":"2026-04-28T05:06:52","guid":{"rendered":"https:\/\/ozince.com\/magaza\/kategorilenmemis\/elr-125-930-civata-silindir-kapak-saplama-corsa-c-corsa-d-tigra-b-astra-h-z10xe-z12xep-z12xe-z12xep-a14xer\/"},"modified":"2026-04-28T08:06:52","modified_gmt":"2026-04-28T05:06:52","slug":"elr-125-930-civata-silindir-kapak-saplama-corsa-c-corsa-d-tigra-b-astra-h-z10xe-z12xep-z12xe-z12xep-a14xer","status":"publish","type":"product","link":"https:\/\/ozince.com\/magaza\/motor-mekanik-urunleri\/elr-125-930-civata-silindir-kapak-saplama-corsa-c-corsa-d-tigra-b-astra-h-z10xe-z12xep-z12xe-z12xep-a14xer\/","title":{"rendered":"ELR-125.930 C\u0130VATA S\u0130L\u0130ND\u0130R KAPAK SAPLAMA CORSA C \/ CORSA D \/ TIGRA B \/ ASTRA H Z10XE-Z12XEP-Z12XE-Z12XEP-A14XER"},"content":{"rendered":"","protected":false},"excerpt":{"rendered":"","protected":false},"featured_media":0,"template":"","meta":[],"product_brand":[421],"product_cat":[298],"product_tag":[378],"class_list":{"0":"post-8644","1":"product","2":"type-product","3":"status-publish","5":"arac_markasi_modeli-astra-h","6":"arac_markasi_modeli-corsa-c","7":"arac_markasi_modeli-corsa-d","8":"arac_markasi_modeli-opel","9":"arac_markasi_modeli-tigra","10":"arac_markasi_modeli-tigra-b","11":"product_brand-elring","12":"product_cat-motor-mekanik-urunleri","13":"product_tag-altay","15":"first","16":"outofstock","17":"taxable","18":"shipping-taxable","19":"purchasable","20":"product-type-simple"},"jetpack_sharing_enabled":true,"_links":{"self":[{"href":"https:\/\/ozince.com\/magaza\/wp-json\/wp\/v2\/product\/8644","targetHints":{"allow":["GET"]}}],"collection":[{"href":"https:\/\/ozince.com\/magaza\/wp-json\/wp\/v2\/product"}],"about":[{"href":"https:\/\/ozince.com\/magaza\/wp-json\/wp\/v2\/types\/product"}],"wp:attachment":[{"href":"https:\/\/ozince.com\/magaza\/wp-json\/wp\/v2\/media?parent=8644"}],"wp:term":[{"taxonomy":"product_brand","embeddable":true,"href":"https:\/\/ozince.com\/magaza\/wp-json\/wp\/v2\/product_brand?post=8644"},{"taxonomy":"product_cat","embeddable":true,"href":"https:\/\/ozince.com\/magaza\/wp-json\/wp\/v2\/product_cat?post=8644"},{"taxonomy":"product_tag","embeddable":true,"href":"https:\/\/ozince.com\/magaza\/wp-json\/wp\/v2\/product_tag?post=8644"}],"curies":[{"name":"wp","href":"https:\/\/api.w.org\/{rel}","templated":true}]}}