{"id":8601,"date":"2026-04-06T08:12:45","date_gmt":"2026-04-06T05:12:45","guid":{"rendered":"https:\/\/ozince.com\/magaza\/kategorilenmemis\/flt-oe648-yag-filtresi-astra-g-astra-h-corsa-b-corsa-c-corsa-d-meriva-a-96-07-z10xep-z12xep-z14xep\/"},"modified":"2026-04-06T08:12:45","modified_gmt":"2026-04-06T05:12:45","slug":"flt-oe648-yag-filtresi-astra-g-astra-h-corsa-b-corsa-c-corsa-d-meriva-a-96-07-z10xep-z12xep-z14xep","status":"publish","type":"product","link":"https:\/\/ozince.com\/magaza\/periyodik-bakim-ve-filtre-urunleri\/flt-oe648-yag-filtresi-astra-g-astra-h-corsa-b-corsa-c-corsa-d-meriva-a-96-07-z10xep-z12xep-z14xep\/","title":{"rendered":"FLT-OE648 YA\u011e F\u0130LTRES\u0130 ASTRA G \/ ASTRA H \/ CORSA B \/ CORSA C \/ CORSA D \/ MER\u0130VA A 96-07 Z10XEP-Z12XEP-Z14XEP"},"content":{"rendered":"","protected":false},"excerpt":{"rendered":"","protected":false},"featured_media":13191,"template":"","meta":[],"product_brand":[196],"product_cat":[352],"product_tag":[378],"class_list":{"0":"post-8601","1":"product","2":"type-product","3":"status-publish","4":"has-post-thumbnail","6":"arac_markasi_modeli-astra-g","7":"arac_markasi_modeli-astra-h","8":"arac_markasi_modeli-corsa-b","9":"arac_markasi_modeli-corsa-c","10":"arac_markasi_modeli-corsa-d","11":"arac_markasi_modeli-meriva","12":"arac_markasi_modeli-meriva-a","13":"arac_markasi_modeli-opel","14":"product_brand-filtron","15":"product_cat-periyodik-bakim-ve-filtre-urunleri","16":"product_tag-altay","18":"first","19":"instock","20":"taxable","21":"shipping-taxable","22":"purchasable","23":"product-type-simple"},"jetpack_sharing_enabled":true,"_links":{"self":[{"href":"https:\/\/ozince.com\/magaza\/wp-json\/wp\/v2\/product\/8601","targetHints":{"allow":["GET"]}}],"collection":[{"href":"https:\/\/ozince.com\/magaza\/wp-json\/wp\/v2\/product"}],"about":[{"href":"https:\/\/ozince.com\/magaza\/wp-json\/wp\/v2\/types\/product"}],"wp:featuredmedia":[{"embeddable":true,"href":"https:\/\/ozince.com\/magaza\/wp-json\/wp\/v2\/media\/13191"}],"wp:attachment":[{"href":"https:\/\/ozince.com\/magaza\/wp-json\/wp\/v2\/media?parent=8601"}],"wp:term":[{"taxonomy":"product_brand","embeddable":true,"href":"https:\/\/ozince.com\/magaza\/wp-json\/wp\/v2\/product_brand?post=8601"},{"taxonomy":"product_cat","embeddable":true,"href":"https:\/\/ozince.com\/magaza\/wp-json\/wp\/v2\/product_cat?post=8601"},{"taxonomy":"product_tag","embeddable":true,"href":"https:\/\/ozince.com\/magaza\/wp-json\/wp\/v2\/product_tag?post=8601"}],"curies":[{"name":"wp","href":"https:\/\/api.w.org\/{rel}","templated":true}]}}