{"id":8574,"date":"2026-05-01T08:00:44","date_gmt":"2026-05-01T05:00:44","guid":{"rendered":"https:\/\/ozince.com\/magaza\/kategorilenmemis\/mhr-23763-direksiyon-korugu-astra-g-tum-modeller\/"},"modified":"2026-05-01T08:00:44","modified_gmt":"2026-05-01T05:00:44","slug":"mhr-23763-direksiyon-korugu-astra-g-tum-modeller","status":"publish","type":"product","link":"https:\/\/ozince.com\/magaza\/aks-urunleri\/mhr-23763-direksiyon-korugu-astra-g-tum-modeller\/","title":{"rendered":"MHR-23763 DIREKSIYON K\u00d6R\u00dc\u011e\u00dc ASTRA G (TUM MODELLER)"},"content":{"rendered":"","protected":false},"excerpt":{"rendered":"","protected":false},"featured_media":15414,"template":"","meta":[],"product_brand":[288],"product_cat":[379],"product_tag":[378],"class_list":{"0":"post-8574","1":"product","2":"type-product","3":"status-publish","4":"has-post-thumbnail","6":"arac_markasi_modeli-astra-g","7":"arac_markasi_modeli-opel","8":"product_brand-maher","9":"product_cat-aks-urunleri","10":"product_tag-altay","12":"first","13":"outofstock","14":"taxable","15":"shipping-taxable","16":"purchasable","17":"product-type-simple"},"jetpack_sharing_enabled":true,"_links":{"self":[{"href":"https:\/\/ozince.com\/magaza\/wp-json\/wp\/v2\/product\/8574","targetHints":{"allow":["GET"]}}],"collection":[{"href":"https:\/\/ozince.com\/magaza\/wp-json\/wp\/v2\/product"}],"about":[{"href":"https:\/\/ozince.com\/magaza\/wp-json\/wp\/v2\/types\/product"}],"wp:featuredmedia":[{"embeddable":true,"href":"https:\/\/ozince.com\/magaza\/wp-json\/wp\/v2\/media\/15414"}],"wp:attachment":[{"href":"https:\/\/ozince.com\/magaza\/wp-json\/wp\/v2\/media?parent=8574"}],"wp:term":[{"taxonomy":"product_brand","embeddable":true,"href":"https:\/\/ozince.com\/magaza\/wp-json\/wp\/v2\/product_brand?post=8574"},{"taxonomy":"product_cat","embeddable":true,"href":"https:\/\/ozince.com\/magaza\/wp-json\/wp\/v2\/product_cat?post=8574"},{"taxonomy":"product_tag","embeddable":true,"href":"https:\/\/ozince.com\/magaza\/wp-json\/wp\/v2\/product_tag?post=8574"}],"curies":[{"name":"wp","href":"https:\/\/api.w.org\/{rel}","templated":true}]}}