{"id":8552,"date":"2026-04-07T08:24:06","date_gmt":"2026-04-07T05:24:06","guid":{"rendered":"https:\/\/ozince.com\/magaza\/kategorilenmemis\/blp-adg072125-sensor-eksantrik-mili-antara-captiva-z20dmh\/"},"modified":"2026-04-07T08:24:07","modified_gmt":"2026-04-07T05:24:07","slug":"swg-89103547-sensor-eksantrik-mili-antara-captiva-z20dmh","status":"publish","type":"product","link":"https:\/\/ozince.com\/magaza\/motor-mekanik-urunleri\/swg-89103547-sensor-eksantrik-mili-antara-captiva-z20dmh\/","title":{"rendered":"SWG-89103547 SENS\u00d6R EKSANTR\u0130K M\u0130L\u0130 ANTARA \/ CAPT\u0130VA Z20DMH"},"content":{"rendered":"","protected":false},"excerpt":{"rendered":"","protected":false},"featured_media":0,"template":"","meta":[],"product_brand":[309],"product_cat":[298],"product_tag":[378],"class_list":{"0":"post-8552","1":"product","2":"type-product","3":"status-publish","5":"arac_markasi_modeli-antara","6":"arac_markasi_modeli-captiva","7":"arac_markasi_modeli-chevrolet","8":"product_brand-swag","9":"product_cat-motor-mekanik-urunleri","10":"product_tag-altay","12":"first","13":"outofstock","14":"taxable","15":"shipping-taxable","16":"purchasable","17":"product-type-simple"},"jetpack_sharing_enabled":true,"_links":{"self":[{"href":"https:\/\/ozince.com\/magaza\/wp-json\/wp\/v2\/product\/8552","targetHints":{"allow":["GET"]}}],"collection":[{"href":"https:\/\/ozince.com\/magaza\/wp-json\/wp\/v2\/product"}],"about":[{"href":"https:\/\/ozince.com\/magaza\/wp-json\/wp\/v2\/types\/product"}],"wp:attachment":[{"href":"https:\/\/ozince.com\/magaza\/wp-json\/wp\/v2\/media?parent=8552"}],"wp:term":[{"taxonomy":"product_brand","embeddable":true,"href":"https:\/\/ozince.com\/magaza\/wp-json\/wp\/v2\/product_brand?post=8552"},{"taxonomy":"product_cat","embeddable":true,"href":"https:\/\/ozince.com\/magaza\/wp-json\/wp\/v2\/product_cat?post=8552"},{"taxonomy":"product_tag","embeddable":true,"href":"https:\/\/ozince.com\/magaza\/wp-json\/wp\/v2\/product_tag?post=8552"}],"curies":[{"name":"wp","href":"https:\/\/api.w.org\/{rel}","templated":true}]}}