{"id":8550,"date":"2026-04-08T08:08:15","date_gmt":"2026-04-08T05:08:15","guid":{"rendered":"https:\/\/ozince.com\/magaza\/kategorilenmemis\/fae-79193-sensor-eksantrik-devir-astra-g-astra-h-meriva-a-vectra-c-zafira-b-z16xep\/"},"modified":"2026-04-08T08:08:16","modified_gmt":"2026-04-08T05:08:16","slug":"fae-79193-sensor-eksantrik-devir-astra-g-astra-h-meriva-a-vectra-c-zafira-b-z16xep","status":"publish","type":"product","link":"https:\/\/ozince.com\/magaza\/sensor-ve-elektrik-urunleri\/fae-79193-sensor-eksantrik-devir-astra-g-astra-h-meriva-a-vectra-c-zafira-b-z16xep\/","title":{"rendered":"FAE-79193 SENS\u00d6R EKSANTR\u0130K DEV\u0130R ASTRA G \/ ASTRA H \/ MERIVA A \/ VECTRA C \/ ZAFIRA B Z16XEP"},"content":{"rendered":"","protected":false},"excerpt":{"rendered":"","protected":false},"featured_media":15093,"template":"","meta":[],"product_brand":[428],"product_cat":[374],"product_tag":[378],"class_list":{"0":"post-8550","1":"product","2":"type-product","3":"status-publish","4":"has-post-thumbnail","6":"arac_markasi_modeli-astra-g","7":"arac_markasi_modeli-astra-h","8":"arac_markasi_modeli-meriva","9":"arac_markasi_modeli-meriva-a","10":"arac_markasi_modeli-opel","11":"arac_markasi_modeli-vectra-c","12":"arac_markasi_modeli-zafira-b","13":"product_brand-fae","14":"product_cat-sensor-ve-elektrik-urunleri","15":"product_tag-altay","17":"first","18":"instock","19":"taxable","20":"shipping-taxable","21":"purchasable","22":"product-type-simple"},"jetpack_sharing_enabled":true,"_links":{"self":[{"href":"https:\/\/ozince.com\/magaza\/wp-json\/wp\/v2\/product\/8550","targetHints":{"allow":["GET"]}}],"collection":[{"href":"https:\/\/ozince.com\/magaza\/wp-json\/wp\/v2\/product"}],"about":[{"href":"https:\/\/ozince.com\/magaza\/wp-json\/wp\/v2\/types\/product"}],"wp:featuredmedia":[{"embeddable":true,"href":"https:\/\/ozince.com\/magaza\/wp-json\/wp\/v2\/media\/15093"}],"wp:attachment":[{"href":"https:\/\/ozince.com\/magaza\/wp-json\/wp\/v2\/media?parent=8550"}],"wp:term":[{"taxonomy":"product_brand","embeddable":true,"href":"https:\/\/ozince.com\/magaza\/wp-json\/wp\/v2\/product_brand?post=8550"},{"taxonomy":"product_cat","embeddable":true,"href":"https:\/\/ozince.com\/magaza\/wp-json\/wp\/v2\/product_cat?post=8550"},{"taxonomy":"product_tag","embeddable":true,"href":"https:\/\/ozince.com\/magaza\/wp-json\/wp\/v2\/product_tag?post=8550"}],"curies":[{"name":"wp","href":"https:\/\/api.w.org\/{rel}","templated":true}]}}