{"id":8543,"date":"2026-04-06T08:14:25","date_gmt":"2026-04-06T05:14:25","guid":{"rendered":"https:\/\/ozince.com\/magaza\/kategorilenmemis\/flt-oe648-6-yag-filtresi-astra-g-astra-h-astra-j-corsa-b-corsa-c-corsa-d-corsa-e-insignia-mokka-zafira-adam-aveo-cruze-96-x12xe-z12xe-p-z14xep-a14net-a14xer-a16xer-a16let-1-2\/"},"modified":"2026-04-06T08:14:26","modified_gmt":"2026-04-06T05:14:26","slug":"blp-adg02147-yag-filtresi-astra-g-astra-h-astra-j-corsa-b-corsa-c-corsa-d-corsa-e-insignia-mokka-zafira-adam-aveo-cruze-96-x12xe-z12xe-p-z14xep-a14net-a14xer-a16xer-a16let-1-2","status":"publish","type":"product","link":"https:\/\/ozince.com\/magaza\/periyodik-bakim-ve-filtre-urunleri\/blp-adg02147-yag-filtresi-astra-g-astra-h-astra-j-corsa-b-corsa-c-corsa-d-corsa-e-insignia-mokka-zafira-adam-aveo-cruze-96-x12xe-z12xe-p-z14xep-a14net-a14xer-a16xer-a16let-1-2\/","title":{"rendered":"BLP-ADG02147 YA\u011e F\u0130LTRES\u0130 ASTRA G \/ ASTRA H \/ ASTRA J \/ CORSA B \/ CORSA C \/ CORSA D \/ CORSA E \/ INSIGNIA \/ MOKKA \/ ZAF\u0130RA \/ ADAM \/ AVEO \/ CRUZE 96= X12XE-Z12XE-P-Z14XEP-A14NET-A14XER-A16XER-A16LET 1.2-1.4-1.6"},"content":{"rendered":"","protected":false},"excerpt":{"rendered":"","protected":false},"featured_media":13143,"template":"","meta":[],"product_brand":[416],"product_cat":[352],"product_tag":[378],"class_list":{"0":"post-8543","1":"product","2":"type-product","3":"status-publish","4":"has-post-thumbnail","6":"arac_markasi_modeli-adam","7":"arac_markasi_modeli-astra-g","8":"arac_markasi_modeli-astra-h","9":"arac_markasi_modeli-astra-j","10":"arac_markasi_modeli-corsa-b","11":"arac_markasi_modeli-corsa-c","12":"arac_markasi_modeli-corsa-d","13":"arac_markasi_modeli-corsa-e","14":"arac_markasi_modeli-mokka","15":"arac_markasi_modeli-opel","16":"product_brand-blueprin","17":"product_cat-periyodik-bakim-ve-filtre-urunleri","18":"product_tag-altay","20":"first","21":"instock","22":"taxable","23":"shipping-taxable","24":"purchasable","25":"product-type-simple"},"jetpack_sharing_enabled":true,"_links":{"self":[{"href":"https:\/\/ozince.com\/magaza\/wp-json\/wp\/v2\/product\/8543","targetHints":{"allow":["GET"]}}],"collection":[{"href":"https:\/\/ozince.com\/magaza\/wp-json\/wp\/v2\/product"}],"about":[{"href":"https:\/\/ozince.com\/magaza\/wp-json\/wp\/v2\/types\/product"}],"wp:featuredmedia":[{"embeddable":true,"href":"https:\/\/ozince.com\/magaza\/wp-json\/wp\/v2\/media\/13143"}],"wp:attachment":[{"href":"https:\/\/ozince.com\/magaza\/wp-json\/wp\/v2\/media?parent=8543"}],"wp:term":[{"taxonomy":"product_brand","embeddable":true,"href":"https:\/\/ozince.com\/magaza\/wp-json\/wp\/v2\/product_brand?post=8543"},{"taxonomy":"product_cat","embeddable":true,"href":"https:\/\/ozince.com\/magaza\/wp-json\/wp\/v2\/product_cat?post=8543"},{"taxonomy":"product_tag","embeddable":true,"href":"https:\/\/ozince.com\/magaza\/wp-json\/wp\/v2\/product_tag?post=8543"}],"curies":[{"name":"wp","href":"https:\/\/api.w.org\/{rel}","templated":true}]}}