{"id":8538,"date":"2026-03-05T08:09:32","date_gmt":"2026-03-05T05:09:32","guid":{"rendered":"https:\/\/ozince.com\/magaza\/kategorilenmemis\/luk-510018010-debriyaj-rulmani-hidrolik-astra-h-j-k-cascada-corsa-d-insignia-a-b-meriva-a-b-mokka-x-vectra-c-zafira-b-c-z13dth-z17dth-z17dtj-a16let-z16let-a14net-b14net-a16xh\/"},"modified":"2026-03-05T08:09:33","modified_gmt":"2026-03-05T05:09:33","slug":"luk-510018010-debriyaj-rulmani-hidrolik-astra-h-j-k-cascada-corsa-d-insignia-a-b-meriva-a-b-mokka-x-vectra-c-zafira-b-c-z13dth-z17dth-z17dtj-a16let-z16let-a14net-b14net-a16xh","status":"publish","type":"product","link":"https:\/\/ozince.com\/magaza\/debriyaj-ve-sanziman-urunleri\/luk-510018010-debriyaj-rulmani-hidrolik-astra-h-j-k-cascada-corsa-d-insignia-a-b-meriva-a-b-mokka-x-vectra-c-zafira-b-c-z13dth-z17dth-z17dtj-a16let-z16let-a14net-b14net-a16xh\/","title":{"rendered":"LUK-510018010 DEBR\u0130YAJ RULMANI H\u0130DROL\u0130K ASTRA H \/ J \/ K \/ CASCADA \/ CORSA D \/ INSIGNIA A \/ B \/ MERIVA A \/ B \/ MOKKA \/ X \/ VECTRA C \/ ZAFIRA B \/ C Z13DTH-Z17DTH-Z17DTJ-A16LET-Z16LET-A14NET-B14NET-A16XHT-B16SHT \/ GRANDE PUNTO \/ LINEA"},"content":{"rendered":"","protected":false},"excerpt":{"rendered":"","protected":false},"featured_media":13366,"template":"","meta":[],"product_brand":[234],"product_cat":[347],"product_tag":[378],"class_list":{"0":"post-8538","1":"product","2":"type-product","3":"status-publish","4":"has-post-thumbnail","6":"arac_markasi_modeli-astra-h","7":"arac_markasi_modeli-corsa-d","8":"arac_markasi_modeli-insignia-a","9":"arac_markasi_modeli-meriva","10":"arac_markasi_modeli-meriva-a","11":"arac_markasi_modeli-mokka","12":"arac_markasi_modeli-opel","13":"arac_markasi_modeli-vectra-c","14":"arac_markasi_modeli-zafira-b","15":"product_brand-luk","16":"product_cat-debriyaj-ve-sanziman-urunleri","17":"product_tag-altay","19":"first","20":"instock","21":"taxable","22":"shipping-taxable","23":"purchasable","24":"product-type-simple"},"jetpack_sharing_enabled":true,"_links":{"self":[{"href":"https:\/\/ozince.com\/magaza\/wp-json\/wp\/v2\/product\/8538","targetHints":{"allow":["GET"]}}],"collection":[{"href":"https:\/\/ozince.com\/magaza\/wp-json\/wp\/v2\/product"}],"about":[{"href":"https:\/\/ozince.com\/magaza\/wp-json\/wp\/v2\/types\/product"}],"wp:featuredmedia":[{"embeddable":true,"href":"https:\/\/ozince.com\/magaza\/wp-json\/wp\/v2\/media\/13366"}],"wp:attachment":[{"href":"https:\/\/ozince.com\/magaza\/wp-json\/wp\/v2\/media?parent=8538"}],"wp:term":[{"taxonomy":"product_brand","embeddable":true,"href":"https:\/\/ozince.com\/magaza\/wp-json\/wp\/v2\/product_brand?post=8538"},{"taxonomy":"product_cat","embeddable":true,"href":"https:\/\/ozince.com\/magaza\/wp-json\/wp\/v2\/product_cat?post=8538"},{"taxonomy":"product_tag","embeddable":true,"href":"https:\/\/ozince.com\/magaza\/wp-json\/wp\/v2\/product_tag?post=8538"}],"curies":[{"name":"wp","href":"https:\/\/api.w.org\/{rel}","templated":true}]}}