{"id":8513,"date":"2026-04-10T08:15:19","date_gmt":"2026-04-10T05:15:19","guid":{"rendered":"https:\/\/ozince.com\/magaza\/kategorilenmemis\/vr-14-32103-01-civata-silindir-kapak-saplama-astra-f-91-98-astra-g-98-07-1-6-16v-z16xe-x16xel-takim\/"},"modified":"2026-04-10T08:15:19","modified_gmt":"2026-04-10T05:15:19","slug":"elr-803-060-civata-silindir-kapak-saplama-astra-f-91-98-astra-g-98-07-1-6-16v-z16xe-x16xel-takim","status":"publish","type":"product","link":"https:\/\/ozince.com\/magaza\/motor-mekanik-urunleri\/elr-803-060-civata-silindir-kapak-saplama-astra-f-91-98-astra-g-98-07-1-6-16v-z16xe-x16xel-takim\/","title":{"rendered":"ELR-803.060 C\u0130VATA S\u0130L\u0130ND\u0130R KAPAK SAPLAMA ASTRA F  91-98 \/ ASTRA G 98-07 \/ 1.6 16V (Z16XE-X16XEL) TAKIM"},"content":{"rendered":"","protected":false},"excerpt":{"rendered":"","protected":false},"featured_media":12000,"template":"","meta":[],"product_brand":[421],"product_cat":[298],"product_tag":[378],"class_list":{"0":"post-8513","1":"product","2":"type-product","3":"status-publish","4":"has-post-thumbnail","6":"arac_markasi_modeli-astra-f","7":"arac_markasi_modeli-astra-g","8":"arac_markasi_modeli-opel","9":"product_brand-elring","10":"product_cat-motor-mekanik-urunleri","11":"product_tag-altay","13":"first","14":"outofstock","15":"taxable","16":"shipping-taxable","17":"purchasable","18":"product-type-simple"},"jetpack_sharing_enabled":true,"_links":{"self":[{"href":"https:\/\/ozince.com\/magaza\/wp-json\/wp\/v2\/product\/8513","targetHints":{"allow":["GET"]}}],"collection":[{"href":"https:\/\/ozince.com\/magaza\/wp-json\/wp\/v2\/product"}],"about":[{"href":"https:\/\/ozince.com\/magaza\/wp-json\/wp\/v2\/types\/product"}],"wp:featuredmedia":[{"embeddable":true,"href":"https:\/\/ozince.com\/magaza\/wp-json\/wp\/v2\/media\/12000"}],"wp:attachment":[{"href":"https:\/\/ozince.com\/magaza\/wp-json\/wp\/v2\/media?parent=8513"}],"wp:term":[{"taxonomy":"product_brand","embeddable":true,"href":"https:\/\/ozince.com\/magaza\/wp-json\/wp\/v2\/product_brand?post=8513"},{"taxonomy":"product_cat","embeddable":true,"href":"https:\/\/ozince.com\/magaza\/wp-json\/wp\/v2\/product_cat?post=8513"},{"taxonomy":"product_tag","embeddable":true,"href":"https:\/\/ozince.com\/magaza\/wp-json\/wp\/v2\/product_tag?post=8513"}],"curies":[{"name":"wp","href":"https:\/\/api.w.org\/{rel}","templated":true}]}}