{"id":8496,"date":"2026-05-01T08:11:24","date_gmt":"2026-05-01T05:11:24","guid":{"rendered":"https:\/\/ozince.com\/magaza\/kategorilenmemis\/snr-kb65311-amortisor-kule-takozu-vectra-c-on-sag-sol\/"},"modified":"2026-05-01T08:11:25","modified_gmt":"2026-05-01T05:11:25","slug":"snr-kb65311-amortisor-kule-takozu-vectra-c-on-sag-sol","status":"publish","type":"product","link":"https:\/\/ozince.com\/magaza\/alt-takim-urunleri\/snr-kb65311-amortisor-kule-takozu-vectra-c-on-sag-sol\/","title":{"rendered":"SNR-KB65311 AMORT\u0130S\u00d6R KULE TAKOZU VECTRA C \u00d6N SA\u011e-SOL"},"content":{"rendered":"","protected":false},"excerpt":{"rendered":"","protected":false},"featured_media":14639,"template":"","meta":[],"product_brand":[308],"product_cat":[382],"product_tag":[378],"class_list":{"0":"post-8496","1":"product","2":"type-product","3":"status-publish","4":"has-post-thumbnail","6":"arac_markasi_modeli-opel","7":"arac_markasi_modeli-vectra-c","8":"product_brand-snr","9":"product_cat-alt-takim-urunleri","10":"product_tag-altay","12":"first","13":"instock","14":"taxable","15":"shipping-taxable","16":"purchasable","17":"product-type-simple"},"jetpack_sharing_enabled":true,"_links":{"self":[{"href":"https:\/\/ozince.com\/magaza\/wp-json\/wp\/v2\/product\/8496","targetHints":{"allow":["GET"]}}],"collection":[{"href":"https:\/\/ozince.com\/magaza\/wp-json\/wp\/v2\/product"}],"about":[{"href":"https:\/\/ozince.com\/magaza\/wp-json\/wp\/v2\/types\/product"}],"wp:featuredmedia":[{"embeddable":true,"href":"https:\/\/ozince.com\/magaza\/wp-json\/wp\/v2\/media\/14639"}],"wp:attachment":[{"href":"https:\/\/ozince.com\/magaza\/wp-json\/wp\/v2\/media?parent=8496"}],"wp:term":[{"taxonomy":"product_brand","embeddable":true,"href":"https:\/\/ozince.com\/magaza\/wp-json\/wp\/v2\/product_brand?post=8496"},{"taxonomy":"product_cat","embeddable":true,"href":"https:\/\/ozince.com\/magaza\/wp-json\/wp\/v2\/product_cat?post=8496"},{"taxonomy":"product_tag","embeddable":true,"href":"https:\/\/ozince.com\/magaza\/wp-json\/wp\/v2\/product_tag?post=8496"}],"curies":[{"name":"wp","href":"https:\/\/api.w.org\/{rel}","templated":true}]}}