{"id":8492,"date":"2026-04-10T08:15:33","date_gmt":"2026-04-10T05:15:33","guid":{"rendered":"https:\/\/ozince.com\/magaza\/kategorilenmemis\/hel-8eh188704-231-atesleme-bujisi-astra-h-astra-j-mokka-meriva-b-zafira-c-a14xer-a16xer-z16xer-z18xer\/"},"modified":"2026-04-10T08:15:34","modified_gmt":"2026-04-10T05:15:34","slug":"ngk-8894-atesleme-bujisi-astra-h-astra-j-mokka-meriva-b-zafira-c-a14xer-a16xer-z16xer-z18xer","status":"publish","type":"product","link":"https:\/\/ozince.com\/magaza\/sensor-ve-elektrik-urunleri\/ngk-8894-atesleme-bujisi-astra-h-astra-j-mokka-meriva-b-zafira-c-a14xer-a16xer-z16xer-z18xer\/","title":{"rendered":"NGK-8894 ATE\u015eLEME BUJ\u0130S\u0130 ASTRA H \/ ASTRA J \/ MOKKA \/ MERIVA B \/ ZAFIRA C A14XER-A16XER-Z16XER-Z18XER"},"content":{"rendered":"","protected":false},"excerpt":{"rendered":"","protected":false},"featured_media":15508,"template":"","meta":[],"product_brand":[417],"product_cat":[374],"product_tag":[378],"class_list":{"0":"post-8492","1":"product","2":"type-product","3":"status-publish","4":"has-post-thumbnail","6":"arac_markasi_modeli-astra-h","7":"arac_markasi_modeli-astra-j","8":"arac_markasi_modeli-meriva","9":"arac_markasi_modeli-meriva-b","10":"arac_markasi_modeli-mokka","11":"arac_markasi_modeli-opel","12":"arac_markasi_modeli-zafira-c","13":"product_brand-ngk","14":"product_cat-sensor-ve-elektrik-urunleri","15":"product_tag-altay","17":"first","18":"outofstock","19":"taxable","20":"shipping-taxable","21":"purchasable","22":"product-type-simple"},"jetpack_sharing_enabled":true,"_links":{"self":[{"href":"https:\/\/ozince.com\/magaza\/wp-json\/wp\/v2\/product\/8492","targetHints":{"allow":["GET"]}}],"collection":[{"href":"https:\/\/ozince.com\/magaza\/wp-json\/wp\/v2\/product"}],"about":[{"href":"https:\/\/ozince.com\/magaza\/wp-json\/wp\/v2\/types\/product"}],"wp:featuredmedia":[{"embeddable":true,"href":"https:\/\/ozince.com\/magaza\/wp-json\/wp\/v2\/media\/15508"}],"wp:attachment":[{"href":"https:\/\/ozince.com\/magaza\/wp-json\/wp\/v2\/media?parent=8492"}],"wp:term":[{"taxonomy":"product_brand","embeddable":true,"href":"https:\/\/ozince.com\/magaza\/wp-json\/wp\/v2\/product_brand?post=8492"},{"taxonomy":"product_cat","embeddable":true,"href":"https:\/\/ozince.com\/magaza\/wp-json\/wp\/v2\/product_cat?post=8492"},{"taxonomy":"product_tag","embeddable":true,"href":"https:\/\/ozince.com\/magaza\/wp-json\/wp\/v2\/product_tag?post=8492"}],"curies":[{"name":"wp","href":"https:\/\/api.w.org\/{rel}","templated":true}]}}