{"id":8478,"date":"2026-04-08T08:08:07","date_gmt":"2026-04-08T05:08:07","guid":{"rendered":"https:\/\/ozince.com\/magaza\/kategorilenmemis\/gkn-304680-aks-korugu-frontera-b-x22dth-y22dth-x22se-y22se\/"},"modified":"2026-04-08T08:08:08","modified_gmt":"2026-04-08T05:08:08","slug":"gkn-304680-aks-korugu-frontera-b-x22dth-y22dth-x22se-y22se","status":"publish","type":"product","link":"https:\/\/ozince.com\/magaza\/aks-urunleri\/gkn-304680-aks-korugu-frontera-b-x22dth-y22dth-x22se-y22se\/","title":{"rendered":"GKN-304680 AKS K\u00d6R\u00dc\u011e\u00dc FRONTERA B X22DTH-Y22DTH-X22SE-Y22SE"},"content":{"rendered":"","protected":false},"excerpt":{"rendered":"","protected":false},"featured_media":13729,"template":"","meta":[],"product_brand":[450],"product_cat":[379],"product_tag":[378],"class_list":{"0":"post-8478","1":"product","2":"type-product","3":"status-publish","4":"has-post-thumbnail","6":"arac_markasi_modeli-frontera","7":"arac_markasi_modeli-frontera-b","8":"arac_markasi_modeli-opel","9":"product_brand-lobrogkn","10":"product_cat-aks-urunleri","11":"product_tag-altay","13":"first","14":"instock","15":"taxable","16":"shipping-taxable","17":"purchasable","18":"product-type-simple"},"jetpack_sharing_enabled":true,"_links":{"self":[{"href":"https:\/\/ozince.com\/magaza\/wp-json\/wp\/v2\/product\/8478","targetHints":{"allow":["GET"]}}],"collection":[{"href":"https:\/\/ozince.com\/magaza\/wp-json\/wp\/v2\/product"}],"about":[{"href":"https:\/\/ozince.com\/magaza\/wp-json\/wp\/v2\/types\/product"}],"wp:featuredmedia":[{"embeddable":true,"href":"https:\/\/ozince.com\/magaza\/wp-json\/wp\/v2\/media\/13729"}],"wp:attachment":[{"href":"https:\/\/ozince.com\/magaza\/wp-json\/wp\/v2\/media?parent=8478"}],"wp:term":[{"taxonomy":"product_brand","embeddable":true,"href":"https:\/\/ozince.com\/magaza\/wp-json\/wp\/v2\/product_brand?post=8478"},{"taxonomy":"product_cat","embeddable":true,"href":"https:\/\/ozince.com\/magaza\/wp-json\/wp\/v2\/product_cat?post=8478"},{"taxonomy":"product_tag","embeddable":true,"href":"https:\/\/ozince.com\/magaza\/wp-json\/wp\/v2\/product_tag?post=8478"}],"curies":[{"name":"wp","href":"https:\/\/api.w.org\/{rel}","templated":true}]}}