{"id":8471,"date":"2026-03-12T08:11:04","date_gmt":"2026-03-12T05:11:04","guid":{"rendered":"https:\/\/ozince.com\/magaza\/kategorilenmemis\/ytt-1517-airbag-kapagi-direksiyon-astra-g-zafira-e-m\/"},"modified":"2026-03-12T08:11:05","modified_gmt":"2026-03-12T05:11:05","slug":"ytt-1517-airbag-kapagi-direksiyon-astra-g-zafira-e-m","status":"publish","type":"product","link":"https:\/\/ozince.com\/magaza\/karoseri-ve-kaporta-urunleri\/ytt-1517-airbag-kapagi-direksiyon-astra-g-zafira-e-m\/","title":{"rendered":"YTT-1517 AIRBAG KAPA\u011eI D\u0130REKS\u0130YON ASTRA G \/ ZAFIRA E.M"},"content":{"rendered":"","protected":false},"excerpt":{"rendered":"","protected":false},"featured_media":13511,"template":"","meta":[],"product_brand":[413],"product_cat":[351],"product_tag":[378],"class_list":{"0":"post-8471","1":"product","2":"type-product","3":"status-publish","4":"has-post-thumbnail","6":"arac_markasi_modeli-astra-g","7":"arac_markasi_modeli-opel","8":"product_brand-ytt","9":"product_cat-karoseri-ve-kaporta-urunleri","10":"product_tag-altay","12":"first","13":"outofstock","14":"taxable","15":"shipping-taxable","16":"purchasable","17":"product-type-simple"},"jetpack_sharing_enabled":true,"_links":{"self":[{"href":"https:\/\/ozince.com\/magaza\/wp-json\/wp\/v2\/product\/8471","targetHints":{"allow":["GET"]}}],"collection":[{"href":"https:\/\/ozince.com\/magaza\/wp-json\/wp\/v2\/product"}],"about":[{"href":"https:\/\/ozince.com\/magaza\/wp-json\/wp\/v2\/types\/product"}],"wp:featuredmedia":[{"embeddable":true,"href":"https:\/\/ozince.com\/magaza\/wp-json\/wp\/v2\/media\/13511"}],"wp:attachment":[{"href":"https:\/\/ozince.com\/magaza\/wp-json\/wp\/v2\/media?parent=8471"}],"wp:term":[{"taxonomy":"product_brand","embeddable":true,"href":"https:\/\/ozince.com\/magaza\/wp-json\/wp\/v2\/product_brand?post=8471"},{"taxonomy":"product_cat","embeddable":true,"href":"https:\/\/ozince.com\/magaza\/wp-json\/wp\/v2\/product_cat?post=8471"},{"taxonomy":"product_tag","embeddable":true,"href":"https:\/\/ozince.com\/magaza\/wp-json\/wp\/v2\/product_tag?post=8471"}],"curies":[{"name":"wp","href":"https:\/\/api.w.org\/{rel}","templated":true}]}}