{"id":8460,"date":"2026-01-28T09:38:27","date_gmt":"2026-01-28T06:38:27","guid":{"rendered":"https:\/\/ozince.com\/magaza\/kategorilenmemis\/mhr-26312-tel-vites-corsa-d-06-14-6-vites-dpfli\/"},"modified":"2026-01-28T09:38:27","modified_gmt":"2026-01-28T06:38:27","slug":"mhr-26312-tel-vites-corsa-d-06-14-6-vites-dpfli","status":"publish","type":"product","link":"https:\/\/ozince.com\/magaza\/debriyaj-ve-el-fren-tel-urunleri\/mhr-26312-tel-vites-corsa-d-06-14-6-vites-dpfli\/","title":{"rendered":"MHR-26312 TEL V\u0130TES CORSA D 06-14 6 V\u0130TES DPFL\u0130"},"content":{"rendered":"","protected":false},"excerpt":{"rendered":"","protected":false},"featured_media":0,"template":"","meta":[],"product_brand":[288],"product_cat":[403],"product_tag":[378],"class_list":{"0":"post-8460","1":"product","2":"type-product","3":"status-publish","5":"arac_markasi_modeli-corsa-d","6":"arac_markasi_modeli-opel","7":"product_brand-maher","8":"product_cat-debriyaj-ve-el-fren-tel-urunleri","9":"product_tag-altay","11":"first","12":"outofstock","13":"taxable","14":"shipping-taxable","15":"purchasable","16":"product-type-simple"},"jetpack_sharing_enabled":true,"_links":{"self":[{"href":"https:\/\/ozince.com\/magaza\/wp-json\/wp\/v2\/product\/8460","targetHints":{"allow":["GET"]}}],"collection":[{"href":"https:\/\/ozince.com\/magaza\/wp-json\/wp\/v2\/product"}],"about":[{"href":"https:\/\/ozince.com\/magaza\/wp-json\/wp\/v2\/types\/product"}],"wp:attachment":[{"href":"https:\/\/ozince.com\/magaza\/wp-json\/wp\/v2\/media?parent=8460"}],"wp:term":[{"taxonomy":"product_brand","embeddable":true,"href":"https:\/\/ozince.com\/magaza\/wp-json\/wp\/v2\/product_brand?post=8460"},{"taxonomy":"product_cat","embeddable":true,"href":"https:\/\/ozince.com\/magaza\/wp-json\/wp\/v2\/product_cat?post=8460"},{"taxonomy":"product_tag","embeddable":true,"href":"https:\/\/ozince.com\/magaza\/wp-json\/wp\/v2\/product_tag?post=8460"}],"curies":[{"name":"wp","href":"https:\/\/api.w.org\/{rel}","templated":true}]}}