{"id":8442,"date":"2026-05-04T08:14:31","date_gmt":"2026-05-04T05:14:31","guid":{"rendered":"https:\/\/ozince.com\/magaza\/kategorilenmemis\/mnd-mmf015255-hava-filtresi-astra-h-astra-g-zafira-a-99-z13dth-z17dth-y20dth-y22dtr-sungerli\/"},"modified":"2026-05-04T08:14:31","modified_gmt":"2026-05-04T05:14:31","slug":"flt-ap051-4-hava-filtresi-astra-h-astra-g-zafira-a-99-z13dth-z17dth-y20dth-y22dtr-sungerli","status":"publish","type":"product","link":"https:\/\/ozince.com\/magaza\/periyodik-bakim-ve-filtre-urunleri\/flt-ap051-4-hava-filtresi-astra-h-astra-g-zafira-a-99-z13dth-z17dth-y20dth-y22dtr-sungerli\/","title":{"rendered":"FLT-AP051\/4 HAVA F\u0130LTRES\u0130 ASTRA H \/ ASTRA G \/ ZAF\u0130RA A 99= Z13DTH-Z17DTH-Y20DTH-Y22DTR S\u00dcNGERL\u0130"},"content":{"rendered":"","protected":false},"excerpt":{"rendered":"","protected":false},"featured_media":13179,"template":"","meta":[],"product_brand":[196],"product_cat":[352],"product_tag":[378],"class_list":{"0":"post-8442","1":"product","2":"type-product","3":"status-publish","4":"has-post-thumbnail","6":"arac_markasi_modeli-astra-g","7":"arac_markasi_modeli-astra-h","8":"arac_markasi_modeli-opel","9":"arac_markasi_modeli-zafira-a","10":"product_brand-filtron","11":"product_cat-periyodik-bakim-ve-filtre-urunleri","12":"product_tag-altay","14":"first","15":"instock","16":"taxable","17":"shipping-taxable","18":"purchasable","19":"product-type-simple"},"jetpack_sharing_enabled":true,"_links":{"self":[{"href":"https:\/\/ozince.com\/magaza\/wp-json\/wp\/v2\/product\/8442","targetHints":{"allow":["GET"]}}],"collection":[{"href":"https:\/\/ozince.com\/magaza\/wp-json\/wp\/v2\/product"}],"about":[{"href":"https:\/\/ozince.com\/magaza\/wp-json\/wp\/v2\/types\/product"}],"wp:featuredmedia":[{"embeddable":true,"href":"https:\/\/ozince.com\/magaza\/wp-json\/wp\/v2\/media\/13179"}],"wp:attachment":[{"href":"https:\/\/ozince.com\/magaza\/wp-json\/wp\/v2\/media?parent=8442"}],"wp:term":[{"taxonomy":"product_brand","embeddable":true,"href":"https:\/\/ozince.com\/magaza\/wp-json\/wp\/v2\/product_brand?post=8442"},{"taxonomy":"product_cat","embeddable":true,"href":"https:\/\/ozince.com\/magaza\/wp-json\/wp\/v2\/product_cat?post=8442"},{"taxonomy":"product_tag","embeddable":true,"href":"https:\/\/ozince.com\/magaza\/wp-json\/wp\/v2\/product_tag?post=8442"}],"curies":[{"name":"wp","href":"https:\/\/api.w.org\/{rel}","templated":true}]}}