{"id":8422,"date":"2026-04-24T08:09:16","date_gmt":"2026-04-24T05:09:16","guid":{"rendered":"https:\/\/ozince.com\/magaza\/kategorilenmemis\/sac-6284600881-debriyaj-ust-merkezi-insignia-a-cruze-astra-j-a14net-a16xht-a20dth-b20nft\/"},"modified":"2026-04-24T08:09:16","modified_gmt":"2026-04-24T05:09:16","slug":"sac-6284600881-debriyaj-ust-merkezi-insignia-a-cruze-astra-j-a14net-a16xht-a20dth-b20nft","status":"publish","type":"product","link":"https:\/\/ozince.com\/magaza\/fren-sistemi-urunleri\/sac-6284600881-debriyaj-ust-merkezi-insignia-a-cruze-astra-j-a14net-a16xht-a20dth-b20nft\/","title":{"rendered":"SAC-6284600881 DEBR\u0130YAJ \u00dcST MERKEZ\u0130 INSIGNIA A \/ CRUZE \/ ASTRA J A14NET-A16XHT-A20DTH-B20NFT"},"content":{"rendered":"","protected":false},"excerpt":{"rendered":"","protected":false},"featured_media":0,"template":"","meta":[],"product_brand":[349],"product_cat":[257],"product_tag":[378],"class_list":{"0":"post-8422","1":"product","2":"type-product","3":"status-publish","5":"arac_markasi_modeli-astra-j","6":"arac_markasi_modeli-insignia-a","7":"arac_markasi_modeli-opel","8":"product_brand-sachs","9":"product_cat-fren-sistemi-urunleri","10":"product_tag-altay","12":"first","13":"outofstock","14":"taxable","15":"shipping-taxable","16":"purchasable","17":"product-type-simple"},"jetpack_sharing_enabled":true,"_links":{"self":[{"href":"https:\/\/ozince.com\/magaza\/wp-json\/wp\/v2\/product\/8422","targetHints":{"allow":["GET"]}}],"collection":[{"href":"https:\/\/ozince.com\/magaza\/wp-json\/wp\/v2\/product"}],"about":[{"href":"https:\/\/ozince.com\/magaza\/wp-json\/wp\/v2\/types\/product"}],"wp:attachment":[{"href":"https:\/\/ozince.com\/magaza\/wp-json\/wp\/v2\/media?parent=8422"}],"wp:term":[{"taxonomy":"product_brand","embeddable":true,"href":"https:\/\/ozince.com\/magaza\/wp-json\/wp\/v2\/product_brand?post=8422"},{"taxonomy":"product_cat","embeddable":true,"href":"https:\/\/ozince.com\/magaza\/wp-json\/wp\/v2\/product_cat?post=8422"},{"taxonomy":"product_tag","embeddable":true,"href":"https:\/\/ozince.com\/magaza\/wp-json\/wp\/v2\/product_tag?post=8422"}],"curies":[{"name":"wp","href":"https:\/\/api.w.org\/{rel}","templated":true}]}}