{"id":8400,"date":"2026-04-07T08:20:36","date_gmt":"2026-04-07T05:20:36","guid":{"rendered":"https:\/\/ozince.com\/magaza\/kategorilenmemis\/vr-61-27275-10-silindir-kapak-conta-astra-f-vectra-a-1-8-8v\/"},"modified":"2026-04-07T08:20:37","modified_gmt":"2026-04-07T05:20:37","slug":"elr-828-913-silindir-kapak-conta-astra-f-vectra-a-1-8-8v","status":"publish","type":"product","link":"https:\/\/ozince.com\/magaza\/motor-mekanik-urunleri\/elr-828-913-silindir-kapak-conta-astra-f-vectra-a-1-8-8v\/","title":{"rendered":"ELR-828.913 S\u0130L\u0130ND\u0130R KAPAK CONTA ASTRA F \/ VECTRA A 1.8 8V"},"content":{"rendered":"","protected":false},"excerpt":{"rendered":"","protected":false},"featured_media":12011,"template":"","meta":[],"product_brand":[421],"product_cat":[298],"product_tag":[378],"class_list":{"0":"post-8400","1":"product","2":"type-product","3":"status-publish","4":"has-post-thumbnail","6":"arac_markasi_modeli-astra-f","7":"arac_markasi_modeli-opel","8":"arac_markasi_modeli-vectra-a","9":"product_brand-elring","10":"product_cat-motor-mekanik-urunleri","11":"product_tag-altay","13":"first","14":"instock","15":"taxable","16":"shipping-taxable","17":"purchasable","18":"product-type-simple"},"jetpack_sharing_enabled":true,"_links":{"self":[{"href":"https:\/\/ozince.com\/magaza\/wp-json\/wp\/v2\/product\/8400","targetHints":{"allow":["GET"]}}],"collection":[{"href":"https:\/\/ozince.com\/magaza\/wp-json\/wp\/v2\/product"}],"about":[{"href":"https:\/\/ozince.com\/magaza\/wp-json\/wp\/v2\/types\/product"}],"wp:featuredmedia":[{"embeddable":true,"href":"https:\/\/ozince.com\/magaza\/wp-json\/wp\/v2\/media\/12011"}],"wp:attachment":[{"href":"https:\/\/ozince.com\/magaza\/wp-json\/wp\/v2\/media?parent=8400"}],"wp:term":[{"taxonomy":"product_brand","embeddable":true,"href":"https:\/\/ozince.com\/magaza\/wp-json\/wp\/v2\/product_brand?post=8400"},{"taxonomy":"product_cat","embeddable":true,"href":"https:\/\/ozince.com\/magaza\/wp-json\/wp\/v2\/product_cat?post=8400"},{"taxonomy":"product_tag","embeddable":true,"href":"https:\/\/ozince.com\/magaza\/wp-json\/wp\/v2\/product_tag?post=8400"}],"curies":[{"name":"wp","href":"https:\/\/api.w.org\/{rel}","templated":true}]}}