{"id":8375,"date":"2026-04-07T08:12:48","date_gmt":"2026-04-07T05:12:48","guid":{"rendered":"https:\/\/ozince.com\/magaza\/kategorilenmemis\/del-ce10000-12b1-atesleme-bobini-astra-g-98-05-1-4-16v-1-6-16v-astra-f-91-98-1-6-z16xe-z16xep-x16xel-c16sel\/"},"modified":"2026-04-07T08:12:49","modified_gmt":"2026-04-07T05:12:49","slug":"chm-bae965a-245-atesleme-bobini-astra-g-98-05-1-4-16v-1-6-16v-astra-f-91-98-1-6-z16xe-z16xep-x16xel-c16sel","status":"publish","type":"product","link":"https:\/\/ozince.com\/magaza\/sensor-ve-elektrik-urunleri\/chm-bae965a-245-atesleme-bobini-astra-g-98-05-1-4-16v-1-6-16v-astra-f-91-98-1-6-z16xe-z16xep-x16xel-c16sel\/","title":{"rendered":"CHM-BAE965A\/245 ATE\u015eLEME BOB\u0130N\u0130 ASTRA G 98-05 1.4 16V-1.6 16V \/ ASTRA F 91-98 1.6 \/ Z16XE-Z16XEP-X16XEL-C16SEL"},"content":{"rendered":"","protected":false},"excerpt":{"rendered":"","protected":false},"featured_media":13740,"template":"","meta":[],"product_brand":[465],"product_cat":[374],"product_tag":[378],"class_list":{"0":"post-8375","1":"product","2":"type-product","3":"status-publish","4":"has-post-thumbnail","6":"arac_markasi_modeli-astra-f","7":"arac_markasi_modeli-astra-g","8":"arac_markasi_modeli-opel","9":"product_brand-champion","10":"product_cat-sensor-ve-elektrik-urunleri","11":"product_tag-altay","13":"first","14":"instock","15":"taxable","16":"shipping-taxable","17":"purchasable","18":"product-type-simple"},"jetpack_sharing_enabled":true,"_links":{"self":[{"href":"https:\/\/ozince.com\/magaza\/wp-json\/wp\/v2\/product\/8375","targetHints":{"allow":["GET"]}}],"collection":[{"href":"https:\/\/ozince.com\/magaza\/wp-json\/wp\/v2\/product"}],"about":[{"href":"https:\/\/ozince.com\/magaza\/wp-json\/wp\/v2\/types\/product"}],"wp:featuredmedia":[{"embeddable":true,"href":"https:\/\/ozince.com\/magaza\/wp-json\/wp\/v2\/media\/13740"}],"wp:attachment":[{"href":"https:\/\/ozince.com\/magaza\/wp-json\/wp\/v2\/media?parent=8375"}],"wp:term":[{"taxonomy":"product_brand","embeddable":true,"href":"https:\/\/ozince.com\/magaza\/wp-json\/wp\/v2\/product_brand?post=8375"},{"taxonomy":"product_cat","embeddable":true,"href":"https:\/\/ozince.com\/magaza\/wp-json\/wp\/v2\/product_cat?post=8375"},{"taxonomy":"product_tag","embeddable":true,"href":"https:\/\/ozince.com\/magaza\/wp-json\/wp\/v2\/product_tag?post=8375"}],"curies":[{"name":"wp","href":"https:\/\/api.w.org\/{rel}","templated":true}]}}