{"id":8350,"date":"2026-04-06T08:24:16","date_gmt":"2026-04-06T05:24:16","guid":{"rendered":"https:\/\/ozince.com\/magaza\/kategorilenmemis\/mnd-eeod0029y-yag-filtresi-astra-h-04-09-1-7-cdti-astra-j-1-7-cdti-10-corsa-d-06-1-7-cdti\/"},"modified":"2026-04-06T08:24:17","modified_gmt":"2026-04-06T05:24:17","slug":"flt-oe648-8-yag-filtresi-astra-h-04-09-1-7-cdti-astra-j-1-7-cdti-10-corsa-d-06-1-7-cdti","status":"publish","type":"product","link":"https:\/\/ozince.com\/magaza\/periyodik-bakim-ve-filtre-urunleri\/flt-oe648-8-yag-filtresi-astra-h-04-09-1-7-cdti-astra-j-1-7-cdti-10-corsa-d-06-1-7-cdti\/","title":{"rendered":"FLT-OE648\/8 YA\u011e F\u0130LTRES\u0130 ASTRA H 04-09 1.7 CDTI \/ ASTRA J 1.7 CDTI 10= \/ CORSA D 06= 1.7 CDTI"},"content":{"rendered":"","protected":false},"excerpt":{"rendered":"","protected":false},"featured_media":13220,"template":"","meta":[],"product_brand":[196],"product_cat":[352],"product_tag":[378],"class_list":{"0":"post-8350","1":"product","2":"type-product","3":"status-publish","4":"has-post-thumbnail","6":"arac_markasi_modeli-astra-h","7":"arac_markasi_modeli-astra-j","8":"arac_markasi_modeli-corsa-d","9":"arac_markasi_modeli-opel","10":"product_brand-filtron","11":"product_cat-periyodik-bakim-ve-filtre-urunleri","12":"product_tag-altay","14":"first","15":"outofstock","16":"taxable","17":"shipping-taxable","18":"purchasable","19":"product-type-simple"},"jetpack_sharing_enabled":true,"_links":{"self":[{"href":"https:\/\/ozince.com\/magaza\/wp-json\/wp\/v2\/product\/8350","targetHints":{"allow":["GET"]}}],"collection":[{"href":"https:\/\/ozince.com\/magaza\/wp-json\/wp\/v2\/product"}],"about":[{"href":"https:\/\/ozince.com\/magaza\/wp-json\/wp\/v2\/types\/product"}],"wp:featuredmedia":[{"embeddable":true,"href":"https:\/\/ozince.com\/magaza\/wp-json\/wp\/v2\/media\/13220"}],"wp:attachment":[{"href":"https:\/\/ozince.com\/magaza\/wp-json\/wp\/v2\/media?parent=8350"}],"wp:term":[{"taxonomy":"product_brand","embeddable":true,"href":"https:\/\/ozince.com\/magaza\/wp-json\/wp\/v2\/product_brand?post=8350"},{"taxonomy":"product_cat","embeddable":true,"href":"https:\/\/ozince.com\/magaza\/wp-json\/wp\/v2\/product_cat?post=8350"},{"taxonomy":"product_tag","embeddable":true,"href":"https:\/\/ozince.com\/magaza\/wp-json\/wp\/v2\/product_tag?post=8350"}],"curies":[{"name":"wp","href":"https:\/\/api.w.org\/{rel}","templated":true}]}}