{"id":8347,"date":"2026-04-07T08:08:58","date_gmt":"2026-04-07T05:08:58","guid":{"rendered":"https:\/\/ozince.com\/magaza\/kategorilenmemis\/est-36001-eksantrik-mili-corsa-a-1-3-1-4-1-6\/"},"modified":"2026-04-07T08:08:59","modified_gmt":"2026-04-07T05:08:59","slug":"est-36001-eksantrik-mili-corsa-a-1-3-1-4-1-6","status":"publish","type":"product","link":"https:\/\/ozince.com\/magaza\/motor-mekanik-urunleri\/est-36001-eksantrik-mili-corsa-a-1-3-1-4-1-6\/","title":{"rendered":"EST-36001 EKSANTR\u0130K M\u0130L\u0130 CORSA A 1.3 &#8211; 1.4 &#8211; 1.6"},"content":{"rendered":"","protected":false},"excerpt":{"rendered":"","protected":false},"featured_media":15074,"template":"","meta":[],"product_brand":[447],"product_cat":[298],"product_tag":[378],"class_list":{"0":"post-8347","1":"product","2":"type-product","3":"status-publish","4":"has-post-thumbnail","6":"arac_markasi_modeli-corsa-a","7":"arac_markasi_modeli-opel","8":"product_brand-estas","9":"product_cat-motor-mekanik-urunleri","10":"product_tag-altay","12":"first","13":"instock","14":"taxable","15":"shipping-taxable","16":"purchasable","17":"product-type-simple"},"jetpack_sharing_enabled":true,"_links":{"self":[{"href":"https:\/\/ozince.com\/magaza\/wp-json\/wp\/v2\/product\/8347","targetHints":{"allow":["GET"]}}],"collection":[{"href":"https:\/\/ozince.com\/magaza\/wp-json\/wp\/v2\/product"}],"about":[{"href":"https:\/\/ozince.com\/magaza\/wp-json\/wp\/v2\/types\/product"}],"wp:featuredmedia":[{"embeddable":true,"href":"https:\/\/ozince.com\/magaza\/wp-json\/wp\/v2\/media\/15074"}],"wp:attachment":[{"href":"https:\/\/ozince.com\/magaza\/wp-json\/wp\/v2\/media?parent=8347"}],"wp:term":[{"taxonomy":"product_brand","embeddable":true,"href":"https:\/\/ozince.com\/magaza\/wp-json\/wp\/v2\/product_brand?post=8347"},{"taxonomy":"product_cat","embeddable":true,"href":"https:\/\/ozince.com\/magaza\/wp-json\/wp\/v2\/product_cat?post=8347"},{"taxonomy":"product_tag","embeddable":true,"href":"https:\/\/ozince.com\/magaza\/wp-json\/wp\/v2\/product_tag?post=8347"}],"curies":[{"name":"wp","href":"https:\/\/api.w.org\/{rel}","templated":true}]}}