{"id":8340,"date":"2026-01-28T09:37:12","date_gmt":"2026-01-28T06:37:12","guid":{"rendered":"https:\/\/ozince.com\/magaza\/kategorilenmemis\/ytt-1336-hortum-hava-filtre-cikis-astra-k-18-b16dte-b16dth-d16dth\/"},"modified":"2026-01-28T09:37:14","modified_gmt":"2026-01-28T06:37:14","slug":"ytt-1336-hortum-hava-filtre-cikis-astra-k-18-b16dte-b16dth-d16dth","status":"publish","type":"product","link":"https:\/\/ozince.com\/magaza\/motor-sogutma-ve-radyator-urunleri\/ytt-1336-hortum-hava-filtre-cikis-astra-k-18-b16dte-b16dth-d16dth\/","title":{"rendered":"YTT-1336 HORTUM HAVA F\u0130LTRE \u00c7IKI\u015e ASTRA K 18= B16DTE \/ B16DTH \/ D16DTH"},"content":{"rendered":"","protected":false},"excerpt":{"rendered":"","protected":false},"featured_media":13516,"template":"","meta":[],"product_brand":[413],"product_cat":[324],"product_tag":[378],"class_list":{"0":"post-8340","1":"product","2":"type-product","3":"status-publish","4":"has-post-thumbnail","6":"arac_markasi_modeli-astra-k","7":"arac_markasi_modeli-opel","8":"product_brand-ytt","9":"product_cat-motor-sogutma-ve-radyator-urunleri","10":"product_tag-altay","12":"first","13":"instock","14":"taxable","15":"shipping-taxable","16":"purchasable","17":"product-type-simple"},"jetpack_sharing_enabled":true,"_links":{"self":[{"href":"https:\/\/ozince.com\/magaza\/wp-json\/wp\/v2\/product\/8340","targetHints":{"allow":["GET"]}}],"collection":[{"href":"https:\/\/ozince.com\/magaza\/wp-json\/wp\/v2\/product"}],"about":[{"href":"https:\/\/ozince.com\/magaza\/wp-json\/wp\/v2\/types\/product"}],"wp:featuredmedia":[{"embeddable":true,"href":"https:\/\/ozince.com\/magaza\/wp-json\/wp\/v2\/media\/13516"}],"wp:attachment":[{"href":"https:\/\/ozince.com\/magaza\/wp-json\/wp\/v2\/media?parent=8340"}],"wp:term":[{"taxonomy":"product_brand","embeddable":true,"href":"https:\/\/ozince.com\/magaza\/wp-json\/wp\/v2\/product_brand?post=8340"},{"taxonomy":"product_cat","embeddable":true,"href":"https:\/\/ozince.com\/magaza\/wp-json\/wp\/v2\/product_cat?post=8340"},{"taxonomy":"product_tag","embeddable":true,"href":"https:\/\/ozince.com\/magaza\/wp-json\/wp\/v2\/product_tag?post=8340"}],"curies":[{"name":"wp","href":"https:\/\/api.w.org\/{rel}","templated":true}]}}