{"id":8315,"date":"2026-04-30T08:06:33","date_gmt":"2026-04-30T05:06:33","guid":{"rendered":"https:\/\/ozince.com\/magaza\/kategorilenmemis\/mhr-26528-dugme-cam-acma-astra-h-zafira-b-04-dortlu-ayna-ayar-dugmeli-cerceveli-sol\/"},"modified":"2026-04-30T08:06:33","modified_gmt":"2026-04-30T05:06:33","slug":"mhr-26528-dugme-cam-acma-astra-h-zafira-b-04-dortlu-ayna-ayar-dugmeli-cerceveli-sol","status":"publish","type":"product","link":"https:\/\/ozince.com\/magaza\/sensor-ve-elektrik-urunleri\/mhr-26528-dugme-cam-acma-astra-h-zafira-b-04-dortlu-ayna-ayar-dugmeli-cerceveli-sol\/","title":{"rendered":"MHR-26528 D\u00dc\u011eME CAM A\u00c7MA ASTRA H \/ ZAF\u0130RA B 04= (D\u00d6RTL\u00dc) AYNA AYAR D\u00dc\u011eMEL\u0130 \u00c7ER\u00c7EVEL\u0130 SOL"},"content":{"rendered":"","protected":false},"excerpt":{"rendered":"","protected":false},"featured_media":15441,"template":"","meta":[],"product_brand":[288],"product_cat":[374],"product_tag":[378],"class_list":{"0":"post-8315","1":"product","2":"type-product","3":"status-publish","4":"has-post-thumbnail","6":"arac_markasi_modeli-astra-h","7":"arac_markasi_modeli-opel","8":"arac_markasi_modeli-zafira-b","9":"product_brand-maher","10":"product_cat-sensor-ve-elektrik-urunleri","11":"product_tag-altay","13":"first","14":"instock","15":"taxable","16":"shipping-taxable","17":"purchasable","18":"product-type-simple"},"jetpack_sharing_enabled":true,"_links":{"self":[{"href":"https:\/\/ozince.com\/magaza\/wp-json\/wp\/v2\/product\/8315","targetHints":{"allow":["GET"]}}],"collection":[{"href":"https:\/\/ozince.com\/magaza\/wp-json\/wp\/v2\/product"}],"about":[{"href":"https:\/\/ozince.com\/magaza\/wp-json\/wp\/v2\/types\/product"}],"wp:featuredmedia":[{"embeddable":true,"href":"https:\/\/ozince.com\/magaza\/wp-json\/wp\/v2\/media\/15441"}],"wp:attachment":[{"href":"https:\/\/ozince.com\/magaza\/wp-json\/wp\/v2\/media?parent=8315"}],"wp:term":[{"taxonomy":"product_brand","embeddable":true,"href":"https:\/\/ozince.com\/magaza\/wp-json\/wp\/v2\/product_brand?post=8315"},{"taxonomy":"product_cat","embeddable":true,"href":"https:\/\/ozince.com\/magaza\/wp-json\/wp\/v2\/product_cat?post=8315"},{"taxonomy":"product_tag","embeddable":true,"href":"https:\/\/ozince.com\/magaza\/wp-json\/wp\/v2\/product_tag?post=8315"}],"curies":[{"name":"wp","href":"https:\/\/api.w.org\/{rel}","templated":true}]}}