{"id":8305,"date":"2026-04-10T08:05:59","date_gmt":"2026-04-10T05:05:59","guid":{"rendered":"https:\/\/ozince.com\/magaza\/kategorilenmemis\/ngk-77317-egzoz-basinc-sensoru-astra-j-astra-k-insignia-b16dth\/"},"modified":"2026-04-10T08:06:00","modified_gmt":"2026-04-10T05:06:00","slug":"ngk-77317-egzoz-basinc-sensoru-astra-j-astra-k-insignia-b16dth","status":"publish","type":"product","link":"https:\/\/ozince.com\/magaza\/sensor-ve-elektrik-urunleri\/ngk-77317-egzoz-basinc-sensoru-astra-j-astra-k-insignia-b16dth\/","title":{"rendered":"NGK-77317 EGZOZ BASIN\u00c7 SENS\u00d6R\u00dc ASTRA J \/ ASTRA K \/ INSIGNIA B16DTH"},"content":{"rendered":"","protected":false},"excerpt":{"rendered":"","protected":false},"featured_media":0,"template":"","meta":[],"product_brand":[417],"product_cat":[374],"product_tag":[378],"class_list":{"0":"post-8305","1":"product","2":"type-product","3":"status-publish","5":"arac_markasi_modeli-astra-j","6":"arac_markasi_modeli-astra-k","7":"arac_markasi_modeli-insignia-b","8":"arac_markasi_modeli-opel","9":"product_brand-ngk","10":"product_cat-sensor-ve-elektrik-urunleri","11":"product_tag-altay","13":"first","14":"outofstock","15":"taxable","16":"shipping-taxable","17":"purchasable","18":"product-type-simple"},"jetpack_sharing_enabled":true,"_links":{"self":[{"href":"https:\/\/ozince.com\/magaza\/wp-json\/wp\/v2\/product\/8305","targetHints":{"allow":["GET"]}}],"collection":[{"href":"https:\/\/ozince.com\/magaza\/wp-json\/wp\/v2\/product"}],"about":[{"href":"https:\/\/ozince.com\/magaza\/wp-json\/wp\/v2\/types\/product"}],"wp:attachment":[{"href":"https:\/\/ozince.com\/magaza\/wp-json\/wp\/v2\/media?parent=8305"}],"wp:term":[{"taxonomy":"product_brand","embeddable":true,"href":"https:\/\/ozince.com\/magaza\/wp-json\/wp\/v2\/product_brand?post=8305"},{"taxonomy":"product_cat","embeddable":true,"href":"https:\/\/ozince.com\/magaza\/wp-json\/wp\/v2\/product_cat?post=8305"},{"taxonomy":"product_tag","embeddable":true,"href":"https:\/\/ozince.com\/magaza\/wp-json\/wp\/v2\/product_tag?post=8305"}],"curies":[{"name":"wp","href":"https:\/\/api.w.org\/{rel}","templated":true}]}}