{"id":8292,"date":"2026-04-06T08:10:55","date_gmt":"2026-04-06T05:10:55","guid":{"rendered":"https:\/\/ozince.com\/magaza\/kategorilenmemis\/blp-adw193612-debriyaj-rulmani-hidrolik-insignia-a-insignia-b-astra-j-astra-k-zafira-c-f40\/"},"modified":"2026-04-06T08:10:55","modified_gmt":"2026-04-06T05:10:55","slug":"sac-3182654287-debriyaj-rulmani-hidrolik-insignia-a-insignia-b-astra-j-astra-k-zafira-c-f40","status":"publish","type":"product","link":"https:\/\/ozince.com\/magaza\/debriyaj-ve-sanziman-urunleri\/sac-3182654287-debriyaj-rulmani-hidrolik-insignia-a-insignia-b-astra-j-astra-k-zafira-c-f40\/","title":{"rendered":"SAC-3182654287 DEBR\u0130YAJ RULMANI H\u0130DROL\u0130K INSIGNIA A \/ INSIGNIA B \/ ASTRA J \/ ASTRA K \/ ZAFIRA C F40"},"content":{"rendered":"","protected":false},"excerpt":{"rendered":"","protected":false},"featured_media":15986,"template":"","meta":[],"product_brand":[349],"product_cat":[347],"product_tag":[378],"class_list":{"0":"post-8292","1":"product","2":"type-product","3":"status-publish","4":"has-post-thumbnail","6":"arac_markasi_modeli-astra-j","7":"arac_markasi_modeli-astra-k","8":"arac_markasi_modeli-insignia-a","9":"arac_markasi_modeli-insignia-b","10":"arac_markasi_modeli-opel","11":"arac_markasi_modeli-zafira-c","12":"product_brand-sachs","13":"product_cat-debriyaj-ve-sanziman-urunleri","14":"product_tag-altay","16":"first","17":"outofstock","18":"taxable","19":"shipping-taxable","20":"purchasable","21":"product-type-simple"},"jetpack_sharing_enabled":true,"_links":{"self":[{"href":"https:\/\/ozince.com\/magaza\/wp-json\/wp\/v2\/product\/8292","targetHints":{"allow":["GET"]}}],"collection":[{"href":"https:\/\/ozince.com\/magaza\/wp-json\/wp\/v2\/product"}],"about":[{"href":"https:\/\/ozince.com\/magaza\/wp-json\/wp\/v2\/types\/product"}],"wp:featuredmedia":[{"embeddable":true,"href":"https:\/\/ozince.com\/magaza\/wp-json\/wp\/v2\/media\/15986"}],"wp:attachment":[{"href":"https:\/\/ozince.com\/magaza\/wp-json\/wp\/v2\/media?parent=8292"}],"wp:term":[{"taxonomy":"product_brand","embeddable":true,"href":"https:\/\/ozince.com\/magaza\/wp-json\/wp\/v2\/product_brand?post=8292"},{"taxonomy":"product_cat","embeddable":true,"href":"https:\/\/ozince.com\/magaza\/wp-json\/wp\/v2\/product_cat?post=8292"},{"taxonomy":"product_tag","embeddable":true,"href":"https:\/\/ozince.com\/magaza\/wp-json\/wp\/v2\/product_tag?post=8292"}],"curies":[{"name":"wp","href":"https:\/\/api.w.org\/{rel}","templated":true}]}}