{"id":8287,"date":"2026-04-10T08:05:56","date_gmt":"2026-04-10T05:05:56","guid":{"rendered":"https:\/\/ozince.com\/magaza\/kategorilenmemis\/sac-110459-amortisor-corsa-b-93-00-gazli-on\/"},"modified":"2026-04-10T08:05:57","modified_gmt":"2026-04-10T05:05:57","slug":"sac-110459-amortisor-corsa-b-93-00-gazli-on","status":"publish","type":"product","link":"https:\/\/ozince.com\/magaza\/alt-takim-urunleri\/sac-110459-amortisor-corsa-b-93-00-gazli-on\/","title":{"rendered":"SAC-110459 AMORT\u0130S\u00d6R CORSA B  93-00 GAZLI \u00d6N"},"content":{"rendered":"","protected":false},"excerpt":{"rendered":"","protected":false},"featured_media":13982,"template":"","meta":[],"product_brand":[424],"product_cat":[382],"product_tag":[378],"class_list":{"0":"post-8287","1":"product","2":"type-product","3":"status-publish","4":"has-post-thumbnail","6":"arac_markasi_modeli-corsa-b","7":"arac_markasi_modeli-opel","8":"product_brand-sachs-ya","9":"product_cat-alt-takim-urunleri","10":"product_tag-altay","12":"first","13":"outofstock","14":"taxable","15":"shipping-taxable","16":"purchasable","17":"product-type-simple"},"jetpack_sharing_enabled":true,"_links":{"self":[{"href":"https:\/\/ozince.com\/magaza\/wp-json\/wp\/v2\/product\/8287","targetHints":{"allow":["GET"]}}],"collection":[{"href":"https:\/\/ozince.com\/magaza\/wp-json\/wp\/v2\/product"}],"about":[{"href":"https:\/\/ozince.com\/magaza\/wp-json\/wp\/v2\/types\/product"}],"wp:featuredmedia":[{"embeddable":true,"href":"https:\/\/ozince.com\/magaza\/wp-json\/wp\/v2\/media\/13982"}],"wp:attachment":[{"href":"https:\/\/ozince.com\/magaza\/wp-json\/wp\/v2\/media?parent=8287"}],"wp:term":[{"taxonomy":"product_brand","embeddable":true,"href":"https:\/\/ozince.com\/magaza\/wp-json\/wp\/v2\/product_brand?post=8287"},{"taxonomy":"product_cat","embeddable":true,"href":"https:\/\/ozince.com\/magaza\/wp-json\/wp\/v2\/product_cat?post=8287"},{"taxonomy":"product_tag","embeddable":true,"href":"https:\/\/ozince.com\/magaza\/wp-json\/wp\/v2\/product_tag?post=8287"}],"curies":[{"name":"wp","href":"https:\/\/api.w.org\/{rel}","templated":true}]}}