{"id":8281,"date":"2026-04-07T08:08:46","date_gmt":"2026-04-07T05:08:46","guid":{"rendered":"https:\/\/ozince.com\/magaza\/kategorilenmemis\/del-ss10806-sensor-krank-devir-astra-f-corsa-b-vectra-b-96-00-x14xe-x16xel-3-fisli-800-mm\/"},"modified":"2026-04-07T08:08:47","modified_gmt":"2026-04-07T05:08:47","slug":"del-ss10806-sensor-krank-devir-astra-f-corsa-b-vectra-b-96-00-x14xe-x16xel-3-fisli-800-mm","status":"publish","type":"product","link":"https:\/\/ozince.com\/magaza\/sensor-ve-elektrik-urunleri\/del-ss10806-sensor-krank-devir-astra-f-corsa-b-vectra-b-96-00-x14xe-x16xel-3-fisli-800-mm\/","title":{"rendered":"DEL-SS10806 SENS\u00d6R KRANK DEV\u0130R ASTRA F \/ CORSA B \/ VECTRA B 96-00 X14XE-X16XEL 3 F\u0130\u015eL\u0130 800 MM"},"content":{"rendered":"","protected":false},"excerpt":{"rendered":"","protected":false},"featured_media":13833,"template":"","meta":[],"product_brand":[236],"product_cat":[374],"product_tag":[378],"class_list":{"0":"post-8281","1":"product","2":"type-product","3":"status-publish","4":"has-post-thumbnail","6":"arac_markasi_modeli-astra-f","7":"arac_markasi_modeli-corsa-b","8":"arac_markasi_modeli-opel","9":"arac_markasi_modeli-vectra-b","10":"product_brand-delphi","11":"product_cat-sensor-ve-elektrik-urunleri","12":"product_tag-altay","14":"first","15":"instock","16":"taxable","17":"shipping-taxable","18":"purchasable","19":"product-type-simple"},"jetpack_sharing_enabled":true,"_links":{"self":[{"href":"https:\/\/ozince.com\/magaza\/wp-json\/wp\/v2\/product\/8281","targetHints":{"allow":["GET"]}}],"collection":[{"href":"https:\/\/ozince.com\/magaza\/wp-json\/wp\/v2\/product"}],"about":[{"href":"https:\/\/ozince.com\/magaza\/wp-json\/wp\/v2\/types\/product"}],"wp:featuredmedia":[{"embeddable":true,"href":"https:\/\/ozince.com\/magaza\/wp-json\/wp\/v2\/media\/13833"}],"wp:attachment":[{"href":"https:\/\/ozince.com\/magaza\/wp-json\/wp\/v2\/media?parent=8281"}],"wp:term":[{"taxonomy":"product_brand","embeddable":true,"href":"https:\/\/ozince.com\/magaza\/wp-json\/wp\/v2\/product_brand?post=8281"},{"taxonomy":"product_cat","embeddable":true,"href":"https:\/\/ozince.com\/magaza\/wp-json\/wp\/v2\/product_cat?post=8281"},{"taxonomy":"product_tag","embeddable":true,"href":"https:\/\/ozince.com\/magaza\/wp-json\/wp\/v2\/product_tag?post=8281"}],"curies":[{"name":"wp","href":"https:\/\/api.w.org\/{rel}","templated":true}]}}