{"id":8270,"date":"2026-04-16T08:08:57","date_gmt":"2026-04-16T05:08:57","guid":{"rendered":"https:\/\/ozince.com\/magaza\/kategorilenmemis\/kle-360070-fan-motoru-su-klimaradyator-davlumbazli-ciftli-chevrolet-captiva-c100-2-0d-2006-2012-antara-2-0d\/"},"modified":"2026-04-16T08:08:58","modified_gmt":"2026-04-16T05:08:58","slug":"kle-360070-fan-motoru-su-klimaradyator-davlumbazli-ciftli-chevrolet-captiva-c100-2-0d-2006-2012-antara-2-0d","status":"publish","type":"product","link":"https:\/\/ozince.com\/magaza\/motor-sogutma-ve-radyator-urunleri\/kle-360070-fan-motoru-su-klimaradyator-davlumbazli-ciftli-chevrolet-captiva-c100-2-0d-2006-2012-antara-2-0d\/","title":{"rendered":"KLE-360070 FAN MOTORU (SU+ KLIMA)RADYAT\u00d6R DAVLUMBAZLI \u00c7\u0130FTL\u0130 CHEVROLET CAPTIVA C100 2.0D 2006-2012 \/ ANTARA 2.0D"},"content":{"rendered":"","protected":false},"excerpt":{"rendered":"","protected":false},"featured_media":0,"template":"","meta":[],"product_brand":[328],"product_cat":[324],"product_tag":[378],"class_list":{"0":"post-8270","1":"product","2":"type-product","3":"status-publish","5":"arac_markasi_modeli-antara","6":"arac_markasi_modeli-captiva","7":"arac_markasi_modeli-chevrolet","8":"product_brand-kale","9":"product_cat-motor-sogutma-ve-radyator-urunleri","10":"product_tag-altay","12":"first","13":"outofstock","14":"taxable","15":"shipping-taxable","16":"purchasable","17":"product-type-simple"},"jetpack_sharing_enabled":true,"_links":{"self":[{"href":"https:\/\/ozince.com\/magaza\/wp-json\/wp\/v2\/product\/8270","targetHints":{"allow":["GET"]}}],"collection":[{"href":"https:\/\/ozince.com\/magaza\/wp-json\/wp\/v2\/product"}],"about":[{"href":"https:\/\/ozince.com\/magaza\/wp-json\/wp\/v2\/types\/product"}],"wp:attachment":[{"href":"https:\/\/ozince.com\/magaza\/wp-json\/wp\/v2\/media?parent=8270"}],"wp:term":[{"taxonomy":"product_brand","embeddable":true,"href":"https:\/\/ozince.com\/magaza\/wp-json\/wp\/v2\/product_brand?post=8270"},{"taxonomy":"product_cat","embeddable":true,"href":"https:\/\/ozince.com\/magaza\/wp-json\/wp\/v2\/product_cat?post=8270"},{"taxonomy":"product_tag","embeddable":true,"href":"https:\/\/ozince.com\/magaza\/wp-json\/wp\/v2\/product_tag?post=8270"}],"curies":[{"name":"wp","href":"https:\/\/api.w.org\/{rel}","templated":true}]}}