{"id":8240,"date":"2026-04-07T08:08:39","date_gmt":"2026-04-07T05:08:39","guid":{"rendered":"https:\/\/ozince.com\/magaza\/kategorilenmemis\/gates-t39164-vantilator-gergisi-astra-j-insignia-a-zafira-a-20dth-a20dte\/"},"modified":"2026-04-07T08:08:41","modified_gmt":"2026-04-07T05:08:41","slug":"gates-t39164-vantilator-gergisi-astra-j-insignia-a-zafira-a-20dth-a20dte","status":"publish","type":"product","link":"https:\/\/ozince.com\/magaza\/motor-mekanik-urunleri\/gates-t39164-vantilator-gergisi-astra-j-insignia-a-zafira-a-20dth-a20dte\/","title":{"rendered":"GATES-T39164 VANT\u0130LAT\u00d6R GERG\u0130S\u0130 ASTRA J \/ INSIGNIA A \/ ZAFIRA A 20DTH-A20DTE"},"content":{"rendered":"","protected":false},"excerpt":{"rendered":"","protected":false},"featured_media":13663,"template":"","meta":[],"product_brand":[299],"product_cat":[298],"product_tag":[378],"class_list":{"0":"post-8240","1":"product","2":"type-product","3":"status-publish","4":"has-post-thumbnail","6":"arac_markasi_modeli-astra-j","7":"arac_markasi_modeli-insignia-a","8":"arac_markasi_modeli-opel","9":"arac_markasi_modeli-zafira-a","10":"product_brand-gates","11":"product_cat-motor-mekanik-urunleri","12":"product_tag-altay","14":"first","15":"instock","16":"taxable","17":"shipping-taxable","18":"purchasable","19":"product-type-simple"},"jetpack_sharing_enabled":true,"_links":{"self":[{"href":"https:\/\/ozince.com\/magaza\/wp-json\/wp\/v2\/product\/8240","targetHints":{"allow":["GET"]}}],"collection":[{"href":"https:\/\/ozince.com\/magaza\/wp-json\/wp\/v2\/product"}],"about":[{"href":"https:\/\/ozince.com\/magaza\/wp-json\/wp\/v2\/types\/product"}],"wp:featuredmedia":[{"embeddable":true,"href":"https:\/\/ozince.com\/magaza\/wp-json\/wp\/v2\/media\/13663"}],"wp:attachment":[{"href":"https:\/\/ozince.com\/magaza\/wp-json\/wp\/v2\/media?parent=8240"}],"wp:term":[{"taxonomy":"product_brand","embeddable":true,"href":"https:\/\/ozince.com\/magaza\/wp-json\/wp\/v2\/product_brand?post=8240"},{"taxonomy":"product_cat","embeddable":true,"href":"https:\/\/ozince.com\/magaza\/wp-json\/wp\/v2\/product_cat?post=8240"},{"taxonomy":"product_tag","embeddable":true,"href":"https:\/\/ozince.com\/magaza\/wp-json\/wp\/v2\/product_tag?post=8240"}],"curies":[{"name":"wp","href":"https:\/\/api.w.org\/{rel}","templated":true}]}}