{"id":8230,"date":"2026-04-29T08:09:58","date_gmt":"2026-04-29T05:09:58","guid":{"rendered":"https:\/\/ozince.com\/magaza\/kategorilenmemis\/del-ts10297-musur-fan-astra-f-corsa-b-91-00-c18nz-c20ne-c20xe-15td-x15td-3-fisli-yuvarlak\/"},"modified":"2026-04-29T08:10:00","modified_gmt":"2026-04-29T05:10:00","slug":"del-ts10297-musur-fan-astra-f-corsa-b-91-00-c18nz-c20ne-c20xe-15td-x15td-3-fisli-yuvarlak","status":"publish","type":"product","link":"https:\/\/ozince.com\/magaza\/sensor-ve-elektrik-urunleri\/del-ts10297-musur-fan-astra-f-corsa-b-91-00-c18nz-c20ne-c20xe-15td-x15td-3-fisli-yuvarlak\/","title":{"rendered":"DEL-TS10297 M\u00dc\u015e\u00dcR FAN ASTRA F \/ CORSA B 91-00 C18NZ-C20NE-C20XE-15TD-X15TD 3 F\u0130\u015eL\u0130 YUVARLAK"},"content":{"rendered":"","protected":false},"excerpt":{"rendered":"","protected":false},"featured_media":15026,"template":"","meta":[],"product_brand":[236],"product_cat":[374],"product_tag":[378],"class_list":{"0":"post-8230","1":"product","2":"type-product","3":"status-publish","4":"has-post-thumbnail","6":"arac_markasi_modeli-astra-f","7":"arac_markasi_modeli-corsa-b","8":"arac_markasi_modeli-opel","9":"product_brand-delphi","10":"product_cat-sensor-ve-elektrik-urunleri","11":"product_tag-altay","13":"first","14":"instock","15":"taxable","16":"shipping-taxable","17":"purchasable","18":"product-type-simple"},"jetpack_sharing_enabled":true,"_links":{"self":[{"href":"https:\/\/ozince.com\/magaza\/wp-json\/wp\/v2\/product\/8230","targetHints":{"allow":["GET"]}}],"collection":[{"href":"https:\/\/ozince.com\/magaza\/wp-json\/wp\/v2\/product"}],"about":[{"href":"https:\/\/ozince.com\/magaza\/wp-json\/wp\/v2\/types\/product"}],"wp:featuredmedia":[{"embeddable":true,"href":"https:\/\/ozince.com\/magaza\/wp-json\/wp\/v2\/media\/15026"}],"wp:attachment":[{"href":"https:\/\/ozince.com\/magaza\/wp-json\/wp\/v2\/media?parent=8230"}],"wp:term":[{"taxonomy":"product_brand","embeddable":true,"href":"https:\/\/ozince.com\/magaza\/wp-json\/wp\/v2\/product_brand?post=8230"},{"taxonomy":"product_cat","embeddable":true,"href":"https:\/\/ozince.com\/magaza\/wp-json\/wp\/v2\/product_cat?post=8230"},{"taxonomy":"product_tag","embeddable":true,"href":"https:\/\/ozince.com\/magaza\/wp-json\/wp\/v2\/product_tag?post=8230"}],"curies":[{"name":"wp","href":"https:\/\/api.w.org\/{rel}","templated":true}]}}