{"id":8228,"date":"2026-04-10T08:05:49","date_gmt":"2026-04-10T05:05:49","guid":{"rendered":"https:\/\/ozince.com\/magaza\/kategorilenmemis\/gates-t39375-vantilator-gergisi-astra-k-corsa-e-insignia-b-d10xfl-b10xfl-b14xe-b15sft\/"},"modified":"2026-04-10T08:05:50","modified_gmt":"2026-04-10T05:05:50","slug":"gates-t39375-vantilator-gergisi-astra-k-corsa-e-insignia-b-d10xfl-b10xfl-b14xe-b15sft","status":"publish","type":"product","link":"https:\/\/ozince.com\/magaza\/motor-mekanik-urunleri\/gates-t39375-vantilator-gergisi-astra-k-corsa-e-insignia-b-d10xfl-b10xfl-b14xe-b15sft\/","title":{"rendered":"GATES-T39375 VANT\u0130LAT\u00d6R GERG\u0130S\u0130 ASTRA K \/ CORSA E \/ INSIGNIA B D10XFL-B10XFL-B14XE-B15SFT"},"content":{"rendered":"","protected":false},"excerpt":{"rendered":"","protected":false},"featured_media":13662,"template":"","meta":[],"product_brand":[299],"product_cat":[298],"product_tag":[378],"class_list":{"0":"post-8228","1":"product","2":"type-product","3":"status-publish","4":"has-post-thumbnail","6":"arac_markasi_modeli-astra-k","7":"arac_markasi_modeli-corsa-e","8":"arac_markasi_modeli-insignia-b","9":"arac_markasi_modeli-opel","10":"product_brand-gates","11":"product_cat-motor-mekanik-urunleri","12":"product_tag-altay","14":"first","15":"instock","16":"taxable","17":"shipping-taxable","18":"purchasable","19":"product-type-simple"},"jetpack_sharing_enabled":true,"_links":{"self":[{"href":"https:\/\/ozince.com\/magaza\/wp-json\/wp\/v2\/product\/8228","targetHints":{"allow":["GET"]}}],"collection":[{"href":"https:\/\/ozince.com\/magaza\/wp-json\/wp\/v2\/product"}],"about":[{"href":"https:\/\/ozince.com\/magaza\/wp-json\/wp\/v2\/types\/product"}],"wp:featuredmedia":[{"embeddable":true,"href":"https:\/\/ozince.com\/magaza\/wp-json\/wp\/v2\/media\/13662"}],"wp:attachment":[{"href":"https:\/\/ozince.com\/magaza\/wp-json\/wp\/v2\/media?parent=8228"}],"wp:term":[{"taxonomy":"product_brand","embeddable":true,"href":"https:\/\/ozince.com\/magaza\/wp-json\/wp\/v2\/product_brand?post=8228"},{"taxonomy":"product_cat","embeddable":true,"href":"https:\/\/ozince.com\/magaza\/wp-json\/wp\/v2\/product_cat?post=8228"},{"taxonomy":"product_tag","embeddable":true,"href":"https:\/\/ozince.com\/magaza\/wp-json\/wp\/v2\/product_tag?post=8228"}],"curies":[{"name":"wp","href":"https:\/\/api.w.org\/{rel}","templated":true}]}}