{"id":8223,"date":"2026-04-24T08:16:32","date_gmt":"2026-04-24T05:16:32","guid":{"rendered":"https:\/\/ozince.com\/magaza\/kategorilenmemis\/fae-24310-musur-fren-pedal-astra-f-astra-g-vectra-a-vectra-b-frontera-a-89-05\/"},"modified":"2026-04-24T08:16:34","modified_gmt":"2026-04-24T05:16:34","slug":"swg-40902803-musur-fren-pedal-astra-f-astra-g-vectra-a-vectra-b-frontera-a-89-05","status":"publish","type":"product","link":"https:\/\/ozince.com\/magaza\/sensor-ve-elektrik-urunleri\/swg-40902803-musur-fren-pedal-astra-f-astra-g-vectra-a-vectra-b-frontera-a-89-05\/","title":{"rendered":"SWG-40902803 M\u00dc\u015e\u00dcR FREN PEDAL ASTRA F \/ ASTRA G \/ VECTRA A \/ VECTRA B \/ FRONTERA A 89-05"},"content":{"rendered":"","protected":false},"excerpt":{"rendered":"","protected":false},"featured_media":13291,"template":"","meta":[],"product_brand":[309],"product_cat":[374],"product_tag":[378],"class_list":{"0":"post-8223","1":"product","2":"type-product","3":"status-publish","4":"has-post-thumbnail","6":"arac_markasi_modeli-astra-f","7":"arac_markasi_modeli-astra-g","8":"arac_markasi_modeli-frontera","9":"arac_markasi_modeli-opel","10":"arac_markasi_modeli-vectra-a","11":"arac_markasi_modeli-vectra-b","12":"product_brand-swag","13":"product_cat-sensor-ve-elektrik-urunleri","14":"product_tag-altay","16":"first","17":"instock","18":"taxable","19":"shipping-taxable","20":"purchasable","21":"product-type-simple"},"jetpack_sharing_enabled":true,"_links":{"self":[{"href":"https:\/\/ozince.com\/magaza\/wp-json\/wp\/v2\/product\/8223","targetHints":{"allow":["GET"]}}],"collection":[{"href":"https:\/\/ozince.com\/magaza\/wp-json\/wp\/v2\/product"}],"about":[{"href":"https:\/\/ozince.com\/magaza\/wp-json\/wp\/v2\/types\/product"}],"wp:featuredmedia":[{"embeddable":true,"href":"https:\/\/ozince.com\/magaza\/wp-json\/wp\/v2\/media\/13291"}],"wp:attachment":[{"href":"https:\/\/ozince.com\/magaza\/wp-json\/wp\/v2\/media?parent=8223"}],"wp:term":[{"taxonomy":"product_brand","embeddable":true,"href":"https:\/\/ozince.com\/magaza\/wp-json\/wp\/v2\/product_brand?post=8223"},{"taxonomy":"product_cat","embeddable":true,"href":"https:\/\/ozince.com\/magaza\/wp-json\/wp\/v2\/product_cat?post=8223"},{"taxonomy":"product_tag","embeddable":true,"href":"https:\/\/ozince.com\/magaza\/wp-json\/wp\/v2\/product_tag?post=8223"}],"curies":[{"name":"wp","href":"https:\/\/api.w.org\/{rel}","templated":true}]}}