{"id":8220,"date":"2026-04-06T08:18:50","date_gmt":"2026-04-06T05:18:50","guid":{"rendered":"https:\/\/ozince.com\/magaza\/kategorilenmemis\/del-tc2588-salincak-astra-j-09-15-cruze-09-rotilli-aluminyum-alt-sag\/"},"modified":"2026-04-06T08:18:50","modified_gmt":"2026-04-06T05:18:50","slug":"ayd-10000-salincak-astra-j-09-15-cruze-09-rotilli-aluminyum-alt-sag","status":"publish","type":"product","link":"https:\/\/ozince.com\/magaza\/alt-takim-urunleri\/ayd-10000-salincak-astra-j-09-15-cruze-09-rotilli-aluminyum-alt-sag\/","title":{"rendered":"AYD-10000 SALINCAK ASTRA J 09-15 \/ CRUZE 09= ROT\u0130LL\u0130 ALUMINYUM ALT SA\u011e"},"content":{"rendered":"","protected":false},"excerpt":{"rendered":"","protected":false},"featured_media":12023,"template":"","meta":[],"product_brand":[235],"product_cat":[382],"product_tag":[378],"class_list":{"0":"post-8220","1":"product","2":"type-product","3":"status-publish","4":"has-post-thumbnail","6":"arac_markasi_modeli-astra-j","7":"arac_markasi_modeli-opel","8":"product_brand-ayd","9":"product_cat-alt-takim-urunleri","10":"product_tag-altay","12":"first","13":"instock","14":"taxable","15":"shipping-taxable","16":"purchasable","17":"product-type-simple"},"jetpack_sharing_enabled":true,"_links":{"self":[{"href":"https:\/\/ozince.com\/magaza\/wp-json\/wp\/v2\/product\/8220","targetHints":{"allow":["GET"]}}],"collection":[{"href":"https:\/\/ozince.com\/magaza\/wp-json\/wp\/v2\/product"}],"about":[{"href":"https:\/\/ozince.com\/magaza\/wp-json\/wp\/v2\/types\/product"}],"wp:featuredmedia":[{"embeddable":true,"href":"https:\/\/ozince.com\/magaza\/wp-json\/wp\/v2\/media\/12023"}],"wp:attachment":[{"href":"https:\/\/ozince.com\/magaza\/wp-json\/wp\/v2\/media?parent=8220"}],"wp:term":[{"taxonomy":"product_brand","embeddable":true,"href":"https:\/\/ozince.com\/magaza\/wp-json\/wp\/v2\/product_brand?post=8220"},{"taxonomy":"product_cat","embeddable":true,"href":"https:\/\/ozince.com\/magaza\/wp-json\/wp\/v2\/product_cat?post=8220"},{"taxonomy":"product_tag","embeddable":true,"href":"https:\/\/ozince.com\/magaza\/wp-json\/wp\/v2\/product_tag?post=8220"}],"curies":[{"name":"wp","href":"https:\/\/api.w.org\/{rel}","templated":true}]}}