{"id":8218,"date":"2026-04-28T08:13:05","date_gmt":"2026-04-28T05:13:05","guid":{"rendered":"https:\/\/ozince.com\/magaza\/kategorilenmemis\/elr-808-134-silindir-kapak-conta-corsa-c-corsa-d-meriva-astra-h-z12xe-z14xep\/"},"modified":"2026-04-28T08:13:06","modified_gmt":"2026-04-28T05:13:06","slug":"vr-61-36225-00-silindir-kapak-conta-corsa-c-corsa-d-meriva-astra-h-z12xe-z14xep","status":"publish","type":"product","link":"https:\/\/ozince.com\/magaza\/motor-mekanik-urunleri\/vr-61-36225-00-silindir-kapak-conta-corsa-c-corsa-d-meriva-astra-h-z12xe-z14xep\/","title":{"rendered":"VR-61-36225-00 S\u0130L\u0130ND\u0130R KAPAK CONTA CORSA C\/ CORSA D \/ MER\u0130VA \/ ASTRA H Z12XE-Z14XEP"},"content":{"rendered":"","protected":false},"excerpt":{"rendered":"","protected":false},"featured_media":14573,"template":"","meta":[],"product_brand":[422],"product_cat":[298],"product_tag":[378],"class_list":{"0":"post-8218","1":"product","2":"type-product","3":"status-publish","4":"has-post-thumbnail","6":"arac_markasi_modeli-astra-h","7":"arac_markasi_modeli-corsa-c","8":"arac_markasi_modeli-corsa-d","9":"arac_markasi_modeli-meriva","10":"arac_markasi_modeli-opel","11":"product_brand-v-reinz","12":"product_cat-motor-mekanik-urunleri","13":"product_tag-altay","15":"first","16":"outofstock","17":"taxable","18":"shipping-taxable","19":"purchasable","20":"product-type-simple"},"jetpack_sharing_enabled":true,"_links":{"self":[{"href":"https:\/\/ozince.com\/magaza\/wp-json\/wp\/v2\/product\/8218","targetHints":{"allow":["GET"]}}],"collection":[{"href":"https:\/\/ozince.com\/magaza\/wp-json\/wp\/v2\/product"}],"about":[{"href":"https:\/\/ozince.com\/magaza\/wp-json\/wp\/v2\/types\/product"}],"wp:featuredmedia":[{"embeddable":true,"href":"https:\/\/ozince.com\/magaza\/wp-json\/wp\/v2\/media\/14573"}],"wp:attachment":[{"href":"https:\/\/ozince.com\/magaza\/wp-json\/wp\/v2\/media?parent=8218"}],"wp:term":[{"taxonomy":"product_brand","embeddable":true,"href":"https:\/\/ozince.com\/magaza\/wp-json\/wp\/v2\/product_brand?post=8218"},{"taxonomy":"product_cat","embeddable":true,"href":"https:\/\/ozince.com\/magaza\/wp-json\/wp\/v2\/product_cat?post=8218"},{"taxonomy":"product_tag","embeddable":true,"href":"https:\/\/ozince.com\/magaza\/wp-json\/wp\/v2\/product_tag?post=8218"}],"curies":[{"name":"wp","href":"https:\/\/api.w.org\/{rel}","templated":true}]}}