{"id":8214,"date":"2026-04-09T08:08:22","date_gmt":"2026-04-09T05:08:22","guid":{"rendered":"https:\/\/ozince.com\/magaza\/kategorilenmemis\/fae-79210-sensor-eksantrik-devir-agila-astra-g-astra-h-corsa-c-corsa-d-meriva-a-tigra-b-x12xe-z12xe-z12xep-z14xep\/"},"modified":"2026-04-09T08:08:23","modified_gmt":"2026-04-09T05:08:23","slug":"fae-79210-sensor-eksantrik-devir-agila-astra-g-astra-h-corsa-c-corsa-d-meriva-a-tigra-b-x12xe-z12xe-z12xep-z14xep","status":"publish","type":"product","link":"https:\/\/ozince.com\/magaza\/sensor-ve-elektrik-urunleri\/fae-79210-sensor-eksantrik-devir-agila-astra-g-astra-h-corsa-c-corsa-d-meriva-a-tigra-b-x12xe-z12xe-z12xep-z14xep\/","title":{"rendered":"FAE-79210 SENS\u00d6R EKSANTR\u0130K DEV\u0130R AGILA \/ ASTRA G \/ ASTRA H \/ CORSA C \/ CORSA D MERIVA A \/ TIGRA B X12XE-Z12XE-Z12XEP-Z14XEP"},"content":{"rendered":"","protected":false},"excerpt":{"rendered":"","protected":false},"featured_media":0,"template":"","meta":[],"product_brand":[428],"product_cat":[374],"product_tag":[378],"class_list":{"0":"post-8214","1":"product","2":"type-product","3":"status-publish","5":"arac_markasi_modeli-agila","6":"arac_markasi_modeli-astra-g","7":"arac_markasi_modeli-astra-h","8":"arac_markasi_modeli-corsa-c","9":"arac_markasi_modeli-corsa-d","10":"arac_markasi_modeli-meriva","11":"arac_markasi_modeli-meriva-a","12":"arac_markasi_modeli-opel","13":"arac_markasi_modeli-tigra","14":"arac_markasi_modeli-tigra-b","15":"product_brand-fae","16":"product_cat-sensor-ve-elektrik-urunleri","17":"product_tag-altay","19":"first","20":"outofstock","21":"taxable","22":"shipping-taxable","23":"purchasable","24":"product-type-simple"},"jetpack_sharing_enabled":true,"_links":{"self":[{"href":"https:\/\/ozince.com\/magaza\/wp-json\/wp\/v2\/product\/8214","targetHints":{"allow":["GET"]}}],"collection":[{"href":"https:\/\/ozince.com\/magaza\/wp-json\/wp\/v2\/product"}],"about":[{"href":"https:\/\/ozince.com\/magaza\/wp-json\/wp\/v2\/types\/product"}],"wp:attachment":[{"href":"https:\/\/ozince.com\/magaza\/wp-json\/wp\/v2\/media?parent=8214"}],"wp:term":[{"taxonomy":"product_brand","embeddable":true,"href":"https:\/\/ozince.com\/magaza\/wp-json\/wp\/v2\/product_brand?post=8214"},{"taxonomy":"product_cat","embeddable":true,"href":"https:\/\/ozince.com\/magaza\/wp-json\/wp\/v2\/product_cat?post=8214"},{"taxonomy":"product_tag","embeddable":true,"href":"https:\/\/ozince.com\/magaza\/wp-json\/wp\/v2\/product_tag?post=8214"}],"curies":[{"name":"wp","href":"https:\/\/api.w.org\/{rel}","templated":true}]}}