{"id":8206,"date":"2026-04-06T08:10:32","date_gmt":"2026-04-06T05:10:32","guid":{"rendered":"https:\/\/ozince.com\/magaza\/kategorilenmemis\/ina-560000210-eksantrik-zincir-seti-disliler-icinde-astra-j-corsa-d-corsa-e-insignia-a-adam-cascada-mokka-mokka-x-zafira-c-a14xer-b14xer-d14xer-a14xel-a14net-b14net\/"},"modified":"2026-04-06T08:10:33","modified_gmt":"2026-04-06T05:10:33","slug":"ina-560000210-eksantrik-zincir-seti-disliler-icinde-astra-j-corsa-d-corsa-e-insignia-a-adam-cascada-mokka-mokka-x-zafira-c-a14xer-b14xer-d14xer-a14xel-a14net-b14net","status":"publish","type":"product","link":"https:\/\/ozince.com\/magaza\/motor-mekanik-urunleri\/ina-560000210-eksantrik-zincir-seti-disliler-icinde-astra-j-corsa-d-corsa-e-insignia-a-adam-cascada-mokka-mokka-x-zafira-c-a14xer-b14xer-d14xer-a14xel-a14net-b14net\/","title":{"rendered":"INA-560000210 EKSANTR\u0130K Z\u0130NC\u0130R SET\u0130 (D\u0130\u015eL\u0130LER \u0130\u00c7\u0130NDE) ASTRA J \/ CORSA D \/ CORSA E \/ INSIGNIA A \/ ADAM \/ CASCADA \/ MOKKA \/ MOKKA X \/ ZAFIRA C A14XER-B14XER-D14XER-A14XEL-A14NET-B14NET"},"content":{"rendered":"","protected":false},"excerpt":{"rendered":"","protected":false},"featured_media":0,"template":"","meta":[],"product_brand":[303],"product_cat":[298],"product_tag":[378],"class_list":{"0":"post-8206","1":"product","2":"type-product","3":"status-publish","5":"arac_markasi_modeli-adam","6":"arac_markasi_modeli-astra-j","7":"arac_markasi_modeli-corsa-d","8":"arac_markasi_modeli-corsa-e","9":"arac_markasi_modeli-insignia-a","10":"arac_markasi_modeli-mokka","11":"arac_markasi_modeli-mokka-x","12":"arac_markasi_modeli-opel","13":"arac_markasi_modeli-zafira-c","14":"product_brand-ina","15":"product_cat-motor-mekanik-urunleri","16":"product_tag-altay","18":"first","19":"outofstock","20":"taxable","21":"shipping-taxable","22":"purchasable","23":"product-type-simple"},"jetpack_sharing_enabled":true,"_links":{"self":[{"href":"https:\/\/ozince.com\/magaza\/wp-json\/wp\/v2\/product\/8206","targetHints":{"allow":["GET"]}}],"collection":[{"href":"https:\/\/ozince.com\/magaza\/wp-json\/wp\/v2\/product"}],"about":[{"href":"https:\/\/ozince.com\/magaza\/wp-json\/wp\/v2\/types\/product"}],"wp:attachment":[{"href":"https:\/\/ozince.com\/magaza\/wp-json\/wp\/v2\/media?parent=8206"}],"wp:term":[{"taxonomy":"product_brand","embeddable":true,"href":"https:\/\/ozince.com\/magaza\/wp-json\/wp\/v2\/product_brand?post=8206"},{"taxonomy":"product_cat","embeddable":true,"href":"https:\/\/ozince.com\/magaza\/wp-json\/wp\/v2\/product_cat?post=8206"},{"taxonomy":"product_tag","embeddable":true,"href":"https:\/\/ozince.com\/magaza\/wp-json\/wp\/v2\/product_tag?post=8206"}],"curies":[{"name":"wp","href":"https:\/\/api.w.org\/{rel}","templated":true}]}}