{"id":8202,"date":"2026-04-29T08:09:55","date_gmt":"2026-04-29T05:09:55","guid":{"rendered":"https:\/\/ozince.com\/magaza\/kategorilenmemis\/fae-33670-musur-hararet-vectra-b-omega-b-x18xe1-x20xev\/"},"modified":"2026-04-29T08:09:55","modified_gmt":"2026-04-29T05:09:55","slug":"fae-33670-musur-hararet-vectra-b-omega-b-x18xe1-x20xev","status":"publish","type":"product","link":"https:\/\/ozince.com\/magaza\/sensor-ve-elektrik-urunleri\/fae-33670-musur-hararet-vectra-b-omega-b-x18xe1-x20xev\/","title":{"rendered":"FAE-33670 M\u00dc\u015e\u00dcR HARARET VECTRA B \/ OMEGA B  X18XE1-X20XEV"},"content":{"rendered":"","protected":false},"excerpt":{"rendered":"","protected":false},"featured_media":0,"template":"","meta":[],"product_brand":[428],"product_cat":[374],"product_tag":[378],"class_list":{"0":"post-8202","1":"product","2":"type-product","3":"status-publish","5":"arac_markasi_modeli-omega-b","6":"arac_markasi_modeli-opel","7":"arac_markasi_modeli-vectra-b","8":"product_brand-fae","9":"product_cat-sensor-ve-elektrik-urunleri","10":"product_tag-altay","12":"first","13":"outofstock","14":"taxable","15":"shipping-taxable","16":"purchasable","17":"product-type-simple"},"jetpack_sharing_enabled":true,"_links":{"self":[{"href":"https:\/\/ozince.com\/magaza\/wp-json\/wp\/v2\/product\/8202","targetHints":{"allow":["GET"]}}],"collection":[{"href":"https:\/\/ozince.com\/magaza\/wp-json\/wp\/v2\/product"}],"about":[{"href":"https:\/\/ozince.com\/magaza\/wp-json\/wp\/v2\/types\/product"}],"wp:attachment":[{"href":"https:\/\/ozince.com\/magaza\/wp-json\/wp\/v2\/media?parent=8202"}],"wp:term":[{"taxonomy":"product_brand","embeddable":true,"href":"https:\/\/ozince.com\/magaza\/wp-json\/wp\/v2\/product_brand?post=8202"},{"taxonomy":"product_cat","embeddable":true,"href":"https:\/\/ozince.com\/magaza\/wp-json\/wp\/v2\/product_cat?post=8202"},{"taxonomy":"product_tag","embeddable":true,"href":"https:\/\/ozince.com\/magaza\/wp-json\/wp\/v2\/product_tag?post=8202"}],"curies":[{"name":"wp","href":"https:\/\/api.w.org\/{rel}","templated":true}]}}