{"id":8196,"date":"2026-04-06T08:14:57","date_gmt":"2026-04-06T05:14:57","guid":{"rendered":"https:\/\/ozince.com\/magaza\/kategorilenmemis\/luk-622061100-debriyaj-seti-alcak-baski-vectra-a-astra-f-ascona-kadett-c20ne-c18nz-18sv\/"},"modified":"2026-04-06T08:14:58","modified_gmt":"2026-04-06T05:14:58","slug":"sac-3000176001-debriyaj-seti-alcak-baski-vectra-a-astra-f-ascona-kadett-c20ne-c18nz-18sv","status":"publish","type":"product","link":"https:\/\/ozince.com\/magaza\/debriyaj-ve-sanziman-urunleri\/sac-3000176001-debriyaj-seti-alcak-baski-vectra-a-astra-f-ascona-kadett-c20ne-c18nz-18sv\/","title":{"rendered":"SAC-3000176001 DEBR\u0130YAJ SET\u0130 (AL\u00c7AK BASKI) VECTRA A \/ ASTRA F \/ ASCONA \/ KADETT  C20NE-C18NZ-18SV"},"content":{"rendered":"","protected":false},"excerpt":{"rendered":"","protected":false},"featured_media":13985,"template":"","meta":[],"product_brand":[349],"product_cat":[347],"product_tag":[378],"class_list":{"0":"post-8196","1":"product","2":"type-product","3":"status-publish","4":"has-post-thumbnail","6":"arac_markasi_modeli-astra-f","7":"arac_markasi_modeli-opel","8":"arac_markasi_modeli-vectra-a","9":"product_brand-sachs","10":"product_cat-debriyaj-ve-sanziman-urunleri","11":"product_tag-altay","13":"first","14":"instock","15":"taxable","16":"shipping-taxable","17":"purchasable","18":"product-type-simple"},"jetpack_sharing_enabled":true,"_links":{"self":[{"href":"https:\/\/ozince.com\/magaza\/wp-json\/wp\/v2\/product\/8196","targetHints":{"allow":["GET"]}}],"collection":[{"href":"https:\/\/ozince.com\/magaza\/wp-json\/wp\/v2\/product"}],"about":[{"href":"https:\/\/ozince.com\/magaza\/wp-json\/wp\/v2\/types\/product"}],"wp:featuredmedia":[{"embeddable":true,"href":"https:\/\/ozince.com\/magaza\/wp-json\/wp\/v2\/media\/13985"}],"wp:attachment":[{"href":"https:\/\/ozince.com\/magaza\/wp-json\/wp\/v2\/media?parent=8196"}],"wp:term":[{"taxonomy":"product_brand","embeddable":true,"href":"https:\/\/ozince.com\/magaza\/wp-json\/wp\/v2\/product_brand?post=8196"},{"taxonomy":"product_cat","embeddable":true,"href":"https:\/\/ozince.com\/magaza\/wp-json\/wp\/v2\/product_cat?post=8196"},{"taxonomy":"product_tag","embeddable":true,"href":"https:\/\/ozince.com\/magaza\/wp-json\/wp\/v2\/product_tag?post=8196"}],"curies":[{"name":"wp","href":"https:\/\/api.w.org\/{rel}","templated":true}]}}