{"id":8195,"date":"2026-04-07T08:14:02","date_gmt":"2026-04-07T05:14:02","guid":{"rendered":"https:\/\/ozince.com\/magaza\/kategorilenmemis\/mhr-51253-kulbutor-kapagi-astra-j-insignia-a-cruze-astra-h-a16xer-z16xer-z16let-a16let-z18xer\/"},"modified":"2026-04-07T08:14:03","modified_gmt":"2026-04-07T05:14:03","slug":"feb-49614-kulbutor-kapagi-astra-j-insignia-a-cruze-astra-h-a16xer-z16xer-z16let-a16let-z18xer","status":"publish","type":"product","link":"https:\/\/ozince.com\/magaza\/motor-mekanik-urunleri\/feb-49614-kulbutor-kapagi-astra-j-insignia-a-cruze-astra-h-a16xer-z16xer-z16let-a16let-z18xer\/","title":{"rendered":"FEB-49614 K\u00dcLB\u00dcT\u00d6R KAPAGI ASTRA J \/ INSIGNIA A \/ CRUZE \/ASTRA H A16XER-Z16XER-Z16LET-A16LET-Z18XER"},"content":{"rendered":"","protected":false},"excerpt":{"rendered":"","protected":false},"featured_media":0,"template":"","meta":[],"product_brand":[194],"product_cat":[298],"product_tag":[378],"class_list":{"0":"post-8195","1":"product","2":"type-product","3":"status-publish","5":"arac_markasi_modeli-astra-h","6":"arac_markasi_modeli-astra-j","7":"arac_markasi_modeli-insignia-a","8":"arac_markasi_modeli-opel","9":"product_brand-febi","10":"product_cat-motor-mekanik-urunleri","11":"product_tag-altay","13":"first","14":"instock","15":"taxable","16":"shipping-taxable","17":"purchasable","18":"product-type-simple"},"jetpack_sharing_enabled":true,"_links":{"self":[{"href":"https:\/\/ozince.com\/magaza\/wp-json\/wp\/v2\/product\/8195","targetHints":{"allow":["GET"]}}],"collection":[{"href":"https:\/\/ozince.com\/magaza\/wp-json\/wp\/v2\/product"}],"about":[{"href":"https:\/\/ozince.com\/magaza\/wp-json\/wp\/v2\/types\/product"}],"wp:attachment":[{"href":"https:\/\/ozince.com\/magaza\/wp-json\/wp\/v2\/media?parent=8195"}],"wp:term":[{"taxonomy":"product_brand","embeddable":true,"href":"https:\/\/ozince.com\/magaza\/wp-json\/wp\/v2\/product_brand?post=8195"},{"taxonomy":"product_cat","embeddable":true,"href":"https:\/\/ozince.com\/magaza\/wp-json\/wp\/v2\/product_cat?post=8195"},{"taxonomy":"product_tag","embeddable":true,"href":"https:\/\/ozince.com\/magaza\/wp-json\/wp\/v2\/product_tag?post=8195"}],"curies":[{"name":"wp","href":"https:\/\/api.w.org\/{rel}","templated":true}]}}