{"id":8175,"date":"2026-04-10T08:15:05","date_gmt":"2026-04-10T05:15:05","guid":{"rendered":"https:\/\/ozince.com\/magaza\/kategorilenmemis\/mhr-50564-silindir-kapak-contasi-astra-f-vectra-b-x20xev\/"},"modified":"2026-04-10T08:15:05","modified_gmt":"2026-04-10T05:15:05","slug":"elr-467-593-silindir-kapak-contasi-astra-f-vectra-b-x20xev","status":"publish","type":"product","link":"https:\/\/ozince.com\/magaza\/motor-mekanik-urunleri\/elr-467-593-silindir-kapak-contasi-astra-f-vectra-b-x20xev\/","title":{"rendered":"ELR-467.593 S\u0130L\u0130ND\u0130R KAPAK CONTASI ASTRA F \/ VECTRA B X20XEV"},"content":{"rendered":"","protected":false},"excerpt":{"rendered":"","protected":false},"featured_media":0,"template":"","meta":[],"product_brand":[421],"product_cat":[298],"product_tag":[378],"class_list":{"0":"post-8175","1":"product","2":"type-product","3":"status-publish","5":"arac_markasi_modeli-astra-f","6":"arac_markasi_modeli-opel","7":"arac_markasi_modeli-vectra-b","8":"product_brand-elring","9":"product_cat-motor-mekanik-urunleri","10":"product_tag-altay","12":"first","13":"outofstock","14":"taxable","15":"shipping-taxable","16":"purchasable","17":"product-type-simple"},"jetpack_sharing_enabled":true,"_links":{"self":[{"href":"https:\/\/ozince.com\/magaza\/wp-json\/wp\/v2\/product\/8175","targetHints":{"allow":["GET"]}}],"collection":[{"href":"https:\/\/ozince.com\/magaza\/wp-json\/wp\/v2\/product"}],"about":[{"href":"https:\/\/ozince.com\/magaza\/wp-json\/wp\/v2\/types\/product"}],"wp:attachment":[{"href":"https:\/\/ozince.com\/magaza\/wp-json\/wp\/v2\/media?parent=8175"}],"wp:term":[{"taxonomy":"product_brand","embeddable":true,"href":"https:\/\/ozince.com\/magaza\/wp-json\/wp\/v2\/product_brand?post=8175"},{"taxonomy":"product_cat","embeddable":true,"href":"https:\/\/ozince.com\/magaza\/wp-json\/wp\/v2\/product_cat?post=8175"},{"taxonomy":"product_tag","embeddable":true,"href":"https:\/\/ozince.com\/magaza\/wp-json\/wp\/v2\/product_tag?post=8175"}],"curies":[{"name":"wp","href":"https:\/\/api.w.org\/{rel}","templated":true}]}}