{"id":8158,"date":"2026-03-04T08:06:49","date_gmt":"2026-03-04T05:06:49","guid":{"rendered":"https:\/\/ozince.com\/magaza\/kategorilenmemis\/flt-oe682-6-yag-filtresi-corsa-e-combo-d-egea-500-doblo-ii-fiorino-mito-euro-6-1-3jtd\/"},"modified":"2026-03-04T08:06:50","modified_gmt":"2026-03-04T05:06:50","slug":"flt-oe682-6-yag-filtresi-corsa-e-combo-d-egea-500-doblo-ii-fiorino-mito-euro-6-1-3jtd","status":"publish","type":"product","link":"https:\/\/ozince.com\/magaza\/periyodik-bakim-ve-filtre-urunleri\/flt-oe682-6-yag-filtresi-corsa-e-combo-d-egea-500-doblo-ii-fiorino-mito-euro-6-1-3jtd\/","title":{"rendered":"FLT-OE682\/6 YA\u011e F\u0130LTRES\u0130  CORSA E \/ COMBO D \/ EGEA \/ 500 \/ DOBLO II \/ FIORINO \/ M\u0130TO EURO 6 1.3JTD"},"content":{"rendered":"","protected":false},"excerpt":{"rendered":"","protected":false},"featured_media":13195,"template":"","meta":[],"product_brand":[196],"product_cat":[352],"product_tag":[378],"class_list":{"0":"post-8158","1":"product","2":"type-product","3":"status-publish","4":"has-post-thumbnail","6":"arac_markasi_modeli-combo-d","7":"arac_markasi_modeli-corsa-e","8":"arac_markasi_modeli-opel","9":"product_brand-filtron","10":"product_cat-periyodik-bakim-ve-filtre-urunleri","11":"product_tag-altay","13":"first","14":"instock","15":"taxable","16":"shipping-taxable","17":"purchasable","18":"product-type-simple"},"jetpack_sharing_enabled":true,"_links":{"self":[{"href":"https:\/\/ozince.com\/magaza\/wp-json\/wp\/v2\/product\/8158","targetHints":{"allow":["GET"]}}],"collection":[{"href":"https:\/\/ozince.com\/magaza\/wp-json\/wp\/v2\/product"}],"about":[{"href":"https:\/\/ozince.com\/magaza\/wp-json\/wp\/v2\/types\/product"}],"wp:featuredmedia":[{"embeddable":true,"href":"https:\/\/ozince.com\/magaza\/wp-json\/wp\/v2\/media\/13195"}],"wp:attachment":[{"href":"https:\/\/ozince.com\/magaza\/wp-json\/wp\/v2\/media?parent=8158"}],"wp:term":[{"taxonomy":"product_brand","embeddable":true,"href":"https:\/\/ozince.com\/magaza\/wp-json\/wp\/v2\/product_brand?post=8158"},{"taxonomy":"product_cat","embeddable":true,"href":"https:\/\/ozince.com\/magaza\/wp-json\/wp\/v2\/product_cat?post=8158"},{"taxonomy":"product_tag","embeddable":true,"href":"https:\/\/ozince.com\/magaza\/wp-json\/wp\/v2\/product_tag?post=8158"}],"curies":[{"name":"wp","href":"https:\/\/api.w.org\/{rel}","templated":true}]}}