{"id":8153,"date":"2026-04-06T08:20:57","date_gmt":"2026-04-06T05:20:57","guid":{"rendered":"https:\/\/ozince.com\/magaza\/kategorilenmemis\/del-tc1811-salincak-corsa-d-06-14-adam-13-corsa-e-15-rotilli-sac-alt-sag\/"},"modified":"2026-04-06T08:20:58","modified_gmt":"2026-04-06T05:20:58","slug":"ayd-05539-salincak-corsa-d-06-14-adam-13-corsa-e-15-rotilli-sac-alt-sag","status":"publish","type":"product","link":"https:\/\/ozince.com\/magaza\/alt-takim-urunleri\/ayd-05539-salincak-corsa-d-06-14-adam-13-corsa-e-15-rotilli-sac-alt-sag\/","title":{"rendered":"AYD-05539 SALINCAK CORSA D 06-14 \/ ADAM 13= \/ CORSA E 15= ROT\u0130LL\u0130 SAC ALT SA\u011e"},"content":{"rendered":"","protected":false},"excerpt":{"rendered":"","protected":false},"featured_media":12016,"template":"","meta":[],"product_brand":[235],"product_cat":[382],"product_tag":[378],"class_list":{"0":"post-8153","1":"product","2":"type-product","3":"status-publish","4":"has-post-thumbnail","6":"arac_markasi_modeli-adam","7":"arac_markasi_modeli-corsa-d","8":"arac_markasi_modeli-corsa-e","9":"arac_markasi_modeli-opel","10":"product_brand-ayd","11":"product_cat-alt-takim-urunleri","12":"product_tag-altay","14":"first","15":"instock","16":"taxable","17":"shipping-taxable","18":"purchasable","19":"product-type-simple"},"jetpack_sharing_enabled":true,"_links":{"self":[{"href":"https:\/\/ozince.com\/magaza\/wp-json\/wp\/v2\/product\/8153","targetHints":{"allow":["GET"]}}],"collection":[{"href":"https:\/\/ozince.com\/magaza\/wp-json\/wp\/v2\/product"}],"about":[{"href":"https:\/\/ozince.com\/magaza\/wp-json\/wp\/v2\/types\/product"}],"wp:featuredmedia":[{"embeddable":true,"href":"https:\/\/ozince.com\/magaza\/wp-json\/wp\/v2\/media\/12016"}],"wp:attachment":[{"href":"https:\/\/ozince.com\/magaza\/wp-json\/wp\/v2\/media?parent=8153"}],"wp:term":[{"taxonomy":"product_brand","embeddable":true,"href":"https:\/\/ozince.com\/magaza\/wp-json\/wp\/v2\/product_brand?post=8153"},{"taxonomy":"product_cat","embeddable":true,"href":"https:\/\/ozince.com\/magaza\/wp-json\/wp\/v2\/product_cat?post=8153"},{"taxonomy":"product_tag","embeddable":true,"href":"https:\/\/ozince.com\/magaza\/wp-json\/wp\/v2\/product_tag?post=8153"}],"curies":[{"name":"wp","href":"https:\/\/api.w.org\/{rel}","templated":true}]}}