{"id":8142,"date":"2026-04-14T08:08:26","date_gmt":"2026-04-14T05:08:26","guid":{"rendered":"https:\/\/ozince.com\/magaza\/kategorilenmemis\/swg-40106740-zincir-seti-astra-j-k-insignia-a-mokka-x-meriva-b-zafira-b16dtl-b16dth-10-parca\/"},"modified":"2026-04-14T08:08:26","modified_gmt":"2026-04-14T05:08:26","slug":"swg-40106740-zincir-seti-astra-j-k-insignia-a-mokka-x-meriva-b-zafira-b16dtl-b16dth-10-parca","status":"publish","type":"product","link":"https:\/\/ozince.com\/magaza\/motor-mekanik-urunleri\/swg-40106740-zincir-seti-astra-j-k-insignia-a-mokka-x-meriva-b-zafira-b16dtl-b16dth-10-parca\/","title":{"rendered":"SWG-40106740 Z\u0130NC\u0130R SET\u0130 ASTRA J \/ K \/ INSIGNIA A \/ MOKKA X \/ MERIVA B \/ ZAFIRA B16DTL-B16DTH (10 PAR\u00c7A)"},"content":{"rendered":"","protected":false},"excerpt":{"rendered":"","protected":false},"featured_media":13312,"template":"","meta":[],"product_brand":[309],"product_cat":[298],"product_tag":[378],"class_list":{"0":"post-8142","1":"product","2":"type-product","3":"status-publish","4":"has-post-thumbnail","6":"arac_markasi_modeli-astra-j","7":"arac_markasi_modeli-insignia-a","8":"arac_markasi_modeli-meriva","9":"arac_markasi_modeli-meriva-b","10":"arac_markasi_modeli-mokka","11":"arac_markasi_modeli-mokka-x","12":"arac_markasi_modeli-opel","13":"arac_markasi_modeli-zafira-b","14":"product_brand-swag","15":"product_cat-motor-mekanik-urunleri","16":"product_tag-altay","18":"first","19":"instock","20":"taxable","21":"shipping-taxable","22":"purchasable","23":"product-type-simple"},"jetpack_sharing_enabled":true,"_links":{"self":[{"href":"https:\/\/ozince.com\/magaza\/wp-json\/wp\/v2\/product\/8142","targetHints":{"allow":["GET"]}}],"collection":[{"href":"https:\/\/ozince.com\/magaza\/wp-json\/wp\/v2\/product"}],"about":[{"href":"https:\/\/ozince.com\/magaza\/wp-json\/wp\/v2\/types\/product"}],"wp:featuredmedia":[{"embeddable":true,"href":"https:\/\/ozince.com\/magaza\/wp-json\/wp\/v2\/media\/13312"}],"wp:attachment":[{"href":"https:\/\/ozince.com\/magaza\/wp-json\/wp\/v2\/media?parent=8142"}],"wp:term":[{"taxonomy":"product_brand","embeddable":true,"href":"https:\/\/ozince.com\/magaza\/wp-json\/wp\/v2\/product_brand?post=8142"},{"taxonomy":"product_cat","embeddable":true,"href":"https:\/\/ozince.com\/magaza\/wp-json\/wp\/v2\/product_cat?post=8142"},{"taxonomy":"product_tag","embeddable":true,"href":"https:\/\/ozince.com\/magaza\/wp-json\/wp\/v2\/product_tag?post=8142"}],"curies":[{"name":"wp","href":"https:\/\/api.w.org\/{rel}","templated":true}]}}