{"id":8135,"date":"2026-05-01T08:23:10","date_gmt":"2026-05-01T05:23:10","guid":{"rendered":"https:\/\/ozince.com\/magaza\/kategorilenmemis\/ayd-02299-salincak-astra-g-astra-h-vectra-b-meriva-b-zafira-a-rotilli-sac-alt-sag\/"},"modified":"2026-05-01T08:23:11","modified_gmt":"2026-05-01T05:23:11","slug":"del-tc1377-salincak-astra-g-astra-h-vectra-b-meriva-b-zafira-a-rotilli-sac-alt-sag","status":"publish","type":"product","link":"https:\/\/ozince.com\/magaza\/alt-takim-urunleri\/del-tc1377-salincak-astra-g-astra-h-vectra-b-meriva-b-zafira-a-rotilli-sac-alt-sag\/","title":{"rendered":"DEL-TC1377 SALINCAK ASTRA G \/ ASTRA H \/ VECTRA B \/ MERIVA B \/ ZAFIRA A ROT\u0130LL\u0130 SAC ALT SA\u011e"},"content":{"rendered":"","protected":false},"excerpt":{"rendered":"","protected":false},"featured_media":0,"template":"","meta":[],"product_brand":[236],"product_cat":[382],"product_tag":[378],"class_list":{"0":"post-8135","1":"product","2":"type-product","3":"status-publish","5":"arac_markasi_modeli-astra-g","6":"arac_markasi_modeli-astra-h","7":"arac_markasi_modeli-meriva","8":"arac_markasi_modeli-meriva-b","9":"arac_markasi_modeli-opel","10":"arac_markasi_modeli-vectra-b","11":"arac_markasi_modeli-zafira-a","12":"product_brand-delphi","13":"product_cat-alt-takim-urunleri","14":"product_tag-altay","16":"first","17":"instock","18":"taxable","19":"shipping-taxable","20":"purchasable","21":"product-type-simple"},"jetpack_sharing_enabled":true,"_links":{"self":[{"href":"https:\/\/ozince.com\/magaza\/wp-json\/wp\/v2\/product\/8135","targetHints":{"allow":["GET"]}}],"collection":[{"href":"https:\/\/ozince.com\/magaza\/wp-json\/wp\/v2\/product"}],"about":[{"href":"https:\/\/ozince.com\/magaza\/wp-json\/wp\/v2\/types\/product"}],"wp:attachment":[{"href":"https:\/\/ozince.com\/magaza\/wp-json\/wp\/v2\/media?parent=8135"}],"wp:term":[{"taxonomy":"product_brand","embeddable":true,"href":"https:\/\/ozince.com\/magaza\/wp-json\/wp\/v2\/product_brand?post=8135"},{"taxonomy":"product_cat","embeddable":true,"href":"https:\/\/ozince.com\/magaza\/wp-json\/wp\/v2\/product_cat?post=8135"},{"taxonomy":"product_tag","embeddable":true,"href":"https:\/\/ozince.com\/magaza\/wp-json\/wp\/v2\/product_tag?post=8135"}],"curies":[{"name":"wp","href":"https:\/\/api.w.org\/{rel}","templated":true}]}}