{"id":8129,"date":"2026-04-07T08:08:23","date_gmt":"2026-04-07T05:08:23","guid":{"rendered":"https:\/\/ozince.com\/magaza\/kategorilenmemis\/mhr-38584-far-astra-h-04-09-motoru-uzerinde-on-sag-beyaz-zemin\/"},"modified":"2026-04-07T08:08:24","modified_gmt":"2026-04-07T05:08:24","slug":"mhr-38584-far-astra-h-04-09-motoru-uzerinde-on-sag-beyaz-zemin","status":"publish","type":"product","link":"https:\/\/ozince.com\/magaza\/dis-aydinlatma-urunleri\/mhr-38584-far-astra-h-04-09-motoru-uzerinde-on-sag-beyaz-zemin\/","title":{"rendered":"MHR-38584 FAR ASTRA H 04-09 (MOTORU UZERINDE) \u00d6N SA\u011e (BEYAZ ZEM\u0130N)"},"content":{"rendered":"","protected":false},"excerpt":{"rendered":"","protected":false},"featured_media":0,"template":"","meta":[],"product_brand":[288],"product_cat":[411],"product_tag":[378],"class_list":{"0":"post-8129","1":"product","2":"type-product","3":"status-publish","5":"arac_markasi_modeli-astra-h","6":"arac_markasi_modeli-opel","7":"product_brand-maher","8":"product_cat-dis-aydinlatma-urunleri","9":"product_tag-altay","11":"first","12":"instock","13":"taxable","14":"shipping-taxable","15":"purchasable","16":"product-type-simple"},"jetpack_sharing_enabled":true,"_links":{"self":[{"href":"https:\/\/ozince.com\/magaza\/wp-json\/wp\/v2\/product\/8129","targetHints":{"allow":["GET"]}}],"collection":[{"href":"https:\/\/ozince.com\/magaza\/wp-json\/wp\/v2\/product"}],"about":[{"href":"https:\/\/ozince.com\/magaza\/wp-json\/wp\/v2\/types\/product"}],"wp:attachment":[{"href":"https:\/\/ozince.com\/magaza\/wp-json\/wp\/v2\/media?parent=8129"}],"wp:term":[{"taxonomy":"product_brand","embeddable":true,"href":"https:\/\/ozince.com\/magaza\/wp-json\/wp\/v2\/product_brand?post=8129"},{"taxonomy":"product_cat","embeddable":true,"href":"https:\/\/ozince.com\/magaza\/wp-json\/wp\/v2\/product_cat?post=8129"},{"taxonomy":"product_tag","embeddable":true,"href":"https:\/\/ozince.com\/magaza\/wp-json\/wp\/v2\/product_tag?post=8129"}],"curies":[{"name":"wp","href":"https:\/\/api.w.org\/{rel}","templated":true}]}}