{"id":8123,"date":"2026-04-10T08:05:38","date_gmt":"2026-04-10T05:05:38","guid":{"rendered":"https:\/\/ozince.com\/magaza\/kategorilenmemis\/gmb-gta0260-vantilator-gergisi-opel-astra-f-g-corsa-b-vectra-1-4-1-6-1-8-2-0-2-2-metal\/"},"modified":"2026-04-10T08:05:38","modified_gmt":"2026-04-10T05:05:38","slug":"gmb-gta0260-vantilator-gergisi-opel-astra-f-g-corsa-b-vectra-1-4-1-6-1-8-2-0-2-2-metal","status":"publish","type":"product","link":"https:\/\/ozince.com\/magaza\/motor-mekanik-urunleri\/gmb-gta0260-vantilator-gergisi-opel-astra-f-g-corsa-b-vectra-1-4-1-6-1-8-2-0-2-2-metal\/","title":{"rendered":"GMB-GTA0260 VANT\u0130LAT\u00d6R GERG\u0130S\u0130 OPEL ASTRA F\/ G \/ CORSA B \/ VECTRA 1.4 \/ 1.6 \/ 1.8 \/ 2.0 \/ 2.2 METAL"},"content":{"rendered":"","protected":false},"excerpt":{"rendered":"","protected":false},"featured_media":15162,"template":"","meta":[],"product_brand":[426],"product_cat":[298],"product_tag":[378],"class_list":{"0":"post-8123","1":"product","2":"type-product","3":"status-publish","4":"has-post-thumbnail","6":"arac_markasi_modeli-astra-f","7":"arac_markasi_modeli-corsa-b","8":"arac_markasi_modeli-opel","9":"product_brand-gmb","10":"product_cat-motor-mekanik-urunleri","11":"product_tag-altay","13":"first","14":"instock","15":"taxable","16":"shipping-taxable","17":"purchasable","18":"product-type-simple"},"jetpack_sharing_enabled":true,"_links":{"self":[{"href":"https:\/\/ozince.com\/magaza\/wp-json\/wp\/v2\/product\/8123","targetHints":{"allow":["GET"]}}],"collection":[{"href":"https:\/\/ozince.com\/magaza\/wp-json\/wp\/v2\/product"}],"about":[{"href":"https:\/\/ozince.com\/magaza\/wp-json\/wp\/v2\/types\/product"}],"wp:featuredmedia":[{"embeddable":true,"href":"https:\/\/ozince.com\/magaza\/wp-json\/wp\/v2\/media\/15162"}],"wp:attachment":[{"href":"https:\/\/ozince.com\/magaza\/wp-json\/wp\/v2\/media?parent=8123"}],"wp:term":[{"taxonomy":"product_brand","embeddable":true,"href":"https:\/\/ozince.com\/magaza\/wp-json\/wp\/v2\/product_brand?post=8123"},{"taxonomy":"product_cat","embeddable":true,"href":"https:\/\/ozince.com\/magaza\/wp-json\/wp\/v2\/product_cat?post=8123"},{"taxonomy":"product_tag","embeddable":true,"href":"https:\/\/ozince.com\/magaza\/wp-json\/wp\/v2\/product_tag?post=8123"}],"curies":[{"name":"wp","href":"https:\/\/api.w.org\/{rel}","templated":true}]}}