{"id":8114,"date":"2026-04-28T08:05:39","date_gmt":"2026-04-28T05:05:39","guid":{"rendered":"https:\/\/ozince.com\/magaza\/kategorilenmemis\/del-ce01841-12b1a-atesleme-bobini-astra-j-mokka-mokka-x-trax-cruze-a16xer-b16xer-d16xer\/"},"modified":"2026-04-28T08:05:39","modified_gmt":"2026-04-28T05:05:39","slug":"del-ce01841-12b1a-atesleme-bobini-astra-j-mokka-mokka-x-trax-cruze-a16xer-b16xer-d16xer","status":"publish","type":"product","link":"https:\/\/ozince.com\/magaza\/sensor-ve-elektrik-urunleri\/del-ce01841-12b1a-atesleme-bobini-astra-j-mokka-mokka-x-trax-cruze-a16xer-b16xer-d16xer\/","title":{"rendered":"DEL-CE01841-12B1A ATE\u015eLEME BOB\u0130N\u0130 ASTRA J \/ MOKKA \/ MOKKA X \/ TRAX \/ CRUZE A16XER-B16XER-D16XER"},"content":{"rendered":"","protected":false},"excerpt":{"rendered":"","protected":false},"featured_media":14974,"template":"","meta":[],"product_brand":[236],"product_cat":[374],"product_tag":[378],"class_list":{"0":"post-8114","1":"product","2":"type-product","3":"status-publish","4":"has-post-thumbnail","6":"arac_markasi_modeli-astra-j","7":"arac_markasi_modeli-mokka","8":"arac_markasi_modeli-mokka-x","9":"arac_markasi_modeli-opel","10":"product_brand-delphi","11":"product_cat-sensor-ve-elektrik-urunleri","12":"product_tag-altay","14":"first","15":"instock","16":"taxable","17":"shipping-taxable","18":"purchasable","19":"product-type-simple"},"jetpack_sharing_enabled":true,"_links":{"self":[{"href":"https:\/\/ozince.com\/magaza\/wp-json\/wp\/v2\/product\/8114","targetHints":{"allow":["GET"]}}],"collection":[{"href":"https:\/\/ozince.com\/magaza\/wp-json\/wp\/v2\/product"}],"about":[{"href":"https:\/\/ozince.com\/magaza\/wp-json\/wp\/v2\/types\/product"}],"wp:featuredmedia":[{"embeddable":true,"href":"https:\/\/ozince.com\/magaza\/wp-json\/wp\/v2\/media\/14974"}],"wp:attachment":[{"href":"https:\/\/ozince.com\/magaza\/wp-json\/wp\/v2\/media?parent=8114"}],"wp:term":[{"taxonomy":"product_brand","embeddable":true,"href":"https:\/\/ozince.com\/magaza\/wp-json\/wp\/v2\/product_brand?post=8114"},{"taxonomy":"product_cat","embeddable":true,"href":"https:\/\/ozince.com\/magaza\/wp-json\/wp\/v2\/product_cat?post=8114"},{"taxonomy":"product_tag","embeddable":true,"href":"https:\/\/ozince.com\/magaza\/wp-json\/wp\/v2\/product_tag?post=8114"}],"curies":[{"name":"wp","href":"https:\/\/api.w.org\/{rel}","templated":true}]}}