{"id":8098,"date":"2026-04-10T08:08:14","date_gmt":"2026-04-10T05:08:14","guid":{"rendered":"https:\/\/ozince.com\/magaza\/kategorilenmemis\/ngk-77331-egzoz-basinc-sensoru-captiva-epica-antara-z20dm-z20dmh\/"},"modified":"2026-04-10T08:08:15","modified_gmt":"2026-04-10T05:08:15","slug":"ngk-77336-egzoz-basinc-sensoru-captiva-epica-antara-z20dm-z20dmh","status":"publish","type":"product","link":"https:\/\/ozince.com\/magaza\/sensor-ve-elektrik-urunleri\/ngk-77336-egzoz-basinc-sensoru-captiva-epica-antara-z20dm-z20dmh\/","title":{"rendered":"NGK-77336 EGZOZ BASIN\u00c7 SENS\u00d6R\u00dc CAPT\u0130VA \/ EP\u0130CA \/ ANTARA Z20DM-Z20DMH"},"content":{"rendered":"","protected":false},"excerpt":{"rendered":"","protected":false},"featured_media":15506,"template":"","meta":[],"product_brand":[417],"product_cat":[374],"product_tag":[378],"class_list":{"0":"post-8098","1":"product","2":"type-product","3":"status-publish","4":"has-post-thumbnail","6":"arac_markasi_modeli-antara","7":"arac_markasi_modeli-captiva","8":"arac_markasi_modeli-chevrolet","9":"arac_markasi_modeli-epica","10":"product_brand-ngk","11":"product_cat-sensor-ve-elektrik-urunleri","12":"product_tag-altay","14":"first","15":"instock","16":"taxable","17":"shipping-taxable","18":"purchasable","19":"product-type-simple"},"jetpack_sharing_enabled":true,"_links":{"self":[{"href":"https:\/\/ozince.com\/magaza\/wp-json\/wp\/v2\/product\/8098","targetHints":{"allow":["GET"]}}],"collection":[{"href":"https:\/\/ozince.com\/magaza\/wp-json\/wp\/v2\/product"}],"about":[{"href":"https:\/\/ozince.com\/magaza\/wp-json\/wp\/v2\/types\/product"}],"wp:featuredmedia":[{"embeddable":true,"href":"https:\/\/ozince.com\/magaza\/wp-json\/wp\/v2\/media\/15506"}],"wp:attachment":[{"href":"https:\/\/ozince.com\/magaza\/wp-json\/wp\/v2\/media?parent=8098"}],"wp:term":[{"taxonomy":"product_brand","embeddable":true,"href":"https:\/\/ozince.com\/magaza\/wp-json\/wp\/v2\/product_brand?post=8098"},{"taxonomy":"product_cat","embeddable":true,"href":"https:\/\/ozince.com\/magaza\/wp-json\/wp\/v2\/product_cat?post=8098"},{"taxonomy":"product_tag","embeddable":true,"href":"https:\/\/ozince.com\/magaza\/wp-json\/wp\/v2\/product_tag?post=8098"}],"curies":[{"name":"wp","href":"https:\/\/api.w.org\/{rel}","templated":true}]}}