{"id":8094,"date":"2026-04-07T08:20:58","date_gmt":"2026-04-07T05:20:58","guid":{"rendered":"https:\/\/ozince.com\/magaza\/kategorilenmemis\/bsh-0281006300-sensor-basinc-manifold-astra-l-crossland-x-combo-e-grandland-vivaro-c-zafira-c-1-5-1-6\/"},"modified":"2026-04-07T08:21:00","modified_gmt":"2026-04-07T05:21:00","slug":"del-dps00029-12b1-sensor-basinc-manifold-astra-l-crossland-x-combo-e-grandland-vivaro-c-zafira-c-1-5-1-6","status":"publish","type":"product","link":"https:\/\/ozince.com\/magaza\/sensor-ve-elektrik-urunleri\/del-dps00029-12b1-sensor-basinc-manifold-astra-l-crossland-x-combo-e-grandland-vivaro-c-zafira-c-1-5-1-6\/","title":{"rendered":"DEL-DPS00029-12B1 SENS\u00d6R BASIN\u00c7 MAN\u0130FOLD ASTRA L \/ CROSSLAND X \/ COMBO E \/ GRANDLAND \/ V\u0130VARO C \/ ZAF\u0130RA C  1.5-1.6"},"content":{"rendered":"","protected":false},"excerpt":{"rendered":"","protected":false},"featured_media":13333,"template":"","meta":[],"product_brand":[236],"product_cat":[374],"product_tag":[378],"class_list":{"0":"post-8094","1":"product","2":"type-product","3":"status-publish","4":"has-post-thumbnail","6":"arac_markasi_modeli-crossland-x","7":"arac_markasi_modeli-grandland","8":"arac_markasi_modeli-opel","9":"arac_markasi_modeli-vivaro","10":"arac_markasi_modeli-zafira-c","11":"product_brand-delphi","12":"product_cat-sensor-ve-elektrik-urunleri","13":"product_tag-altay","15":"first","16":"instock","17":"taxable","18":"shipping-taxable","19":"purchasable","20":"product-type-simple"},"jetpack_sharing_enabled":true,"_links":{"self":[{"href":"https:\/\/ozince.com\/magaza\/wp-json\/wp\/v2\/product\/8094","targetHints":{"allow":["GET"]}}],"collection":[{"href":"https:\/\/ozince.com\/magaza\/wp-json\/wp\/v2\/product"}],"about":[{"href":"https:\/\/ozince.com\/magaza\/wp-json\/wp\/v2\/types\/product"}],"wp:featuredmedia":[{"embeddable":true,"href":"https:\/\/ozince.com\/magaza\/wp-json\/wp\/v2\/media\/13333"}],"wp:attachment":[{"href":"https:\/\/ozince.com\/magaza\/wp-json\/wp\/v2\/media?parent=8094"}],"wp:term":[{"taxonomy":"product_brand","embeddable":true,"href":"https:\/\/ozince.com\/magaza\/wp-json\/wp\/v2\/product_brand?post=8094"},{"taxonomy":"product_cat","embeddable":true,"href":"https:\/\/ozince.com\/magaza\/wp-json\/wp\/v2\/product_cat?post=8094"},{"taxonomy":"product_tag","embeddable":true,"href":"https:\/\/ozince.com\/magaza\/wp-json\/wp\/v2\/product_tag?post=8094"}],"curies":[{"name":"wp","href":"https:\/\/api.w.org\/{rel}","templated":true}]}}