{"id":8088,"date":"2025-10-14T13:59:37","date_gmt":"2025-10-14T10:59:37","guid":{"rendered":"https:\/\/ozince.com\/magaza\/kategorilenmemis\/ytt-2381-viraj-lastigi-insignia-b-17-on\/"},"modified":"2025-11-26T13:26:07","modified_gmt":"2025-11-26T10:26:07","slug":"ytt-2381-viraj-lastigi-insignia-b-17-on","status":"publish","type":"product","link":"https:\/\/ozince.com\/magaza\/alt-takim-urunleri\/ytt-2381-viraj-lastigi-insignia-b-17-on\/","title":{"rendered":"YTT-2381 V\u0130RAJ LAST\u0130\u011e\u0130 INSIGNIA B 17= \u00d6N"},"content":{"rendered":"","protected":false},"excerpt":{"rendered":"","protected":false},"featured_media":13528,"template":"","meta":[],"product_brand":[413],"product_cat":[382],"product_tag":[378],"class_list":{"0":"post-8088","1":"product","2":"type-product","3":"status-publish","4":"has-post-thumbnail","6":"arac_markasi_modeli-insignia-b","7":"arac_markasi_modeli-opel","8":"product_brand-ytt","9":"product_cat-alt-takim-urunleri","10":"product_tag-altay","12":"first","13":"instock","14":"taxable","15":"shipping-taxable","16":"purchasable","17":"product-type-simple"},"jetpack_sharing_enabled":true,"_links":{"self":[{"href":"https:\/\/ozince.com\/magaza\/wp-json\/wp\/v2\/product\/8088","targetHints":{"allow":["GET"]}}],"collection":[{"href":"https:\/\/ozince.com\/magaza\/wp-json\/wp\/v2\/product"}],"about":[{"href":"https:\/\/ozince.com\/magaza\/wp-json\/wp\/v2\/types\/product"}],"wp:featuredmedia":[{"embeddable":true,"href":"https:\/\/ozince.com\/magaza\/wp-json\/wp\/v2\/media\/13528"}],"wp:attachment":[{"href":"https:\/\/ozince.com\/magaza\/wp-json\/wp\/v2\/media?parent=8088"}],"wp:term":[{"taxonomy":"product_brand","embeddable":true,"href":"https:\/\/ozince.com\/magaza\/wp-json\/wp\/v2\/product_brand?post=8088"},{"taxonomy":"product_cat","embeddable":true,"href":"https:\/\/ozince.com\/magaza\/wp-json\/wp\/v2\/product_cat?post=8088"},{"taxonomy":"product_tag","embeddable":true,"href":"https:\/\/ozince.com\/magaza\/wp-json\/wp\/v2\/product_tag?post=8088"}],"curies":[{"name":"wp","href":"https:\/\/api.w.org\/{rel}","templated":true}]}}