{"id":8079,"date":"2026-04-29T08:09:30","date_gmt":"2026-04-29T05:09:30","guid":{"rendered":"https:\/\/ozince.com\/magaza\/kategorilenmemis\/del-ps20091-12b1-sensor-map-emme-manifold-basinc-sensoru-astra-g-astra-h-vectra-c-z16xep-z16xe\/"},"modified":"2026-04-29T08:09:30","modified_gmt":"2026-04-29T05:09:30","slug":"del-ps20091-12b1-sensor-map-emme-manifold-basinc-sensoru-astra-g-astra-h-vectra-c-z16xep-z16xe","status":"publish","type":"product","link":"https:\/\/ozince.com\/magaza\/sensor-ve-elektrik-urunleri\/del-ps20091-12b1-sensor-map-emme-manifold-basinc-sensoru-astra-g-astra-h-vectra-c-z16xep-z16xe\/","title":{"rendered":"DEL-PS20091-12B1 SENS\u00d6R MAP EMME MAN\u0130FOLD BASIN\u00c7 SENS\u00d6R\u00dc ASTRA G \/ ASTRA H \/ VECTRA C Z16XEP-Z16XE"},"content":{"rendered":"","protected":false},"excerpt":{"rendered":"","protected":false},"featured_media":0,"template":"","meta":[],"product_brand":[236],"product_cat":[374],"product_tag":[378],"class_list":{"0":"post-8079","1":"product","2":"type-product","3":"status-publish","5":"arac_markasi_modeli-astra-g","6":"arac_markasi_modeli-astra-h","7":"arac_markasi_modeli-opel","8":"arac_markasi_modeli-vectra-c","9":"product_brand-delphi","10":"product_cat-sensor-ve-elektrik-urunleri","11":"product_tag-altay","13":"first","14":"outofstock","15":"taxable","16":"shipping-taxable","17":"purchasable","18":"product-type-simple"},"jetpack_sharing_enabled":true,"_links":{"self":[{"href":"https:\/\/ozince.com\/magaza\/wp-json\/wp\/v2\/product\/8079","targetHints":{"allow":["GET"]}}],"collection":[{"href":"https:\/\/ozince.com\/magaza\/wp-json\/wp\/v2\/product"}],"about":[{"href":"https:\/\/ozince.com\/magaza\/wp-json\/wp\/v2\/types\/product"}],"wp:attachment":[{"href":"https:\/\/ozince.com\/magaza\/wp-json\/wp\/v2\/media?parent=8079"}],"wp:term":[{"taxonomy":"product_brand","embeddable":true,"href":"https:\/\/ozince.com\/magaza\/wp-json\/wp\/v2\/product_brand?post=8079"},{"taxonomy":"product_cat","embeddable":true,"href":"https:\/\/ozince.com\/magaza\/wp-json\/wp\/v2\/product_cat?post=8079"},{"taxonomy":"product_tag","embeddable":true,"href":"https:\/\/ozince.com\/magaza\/wp-json\/wp\/v2\/product_tag?post=8079"}],"curies":[{"name":"wp","href":"https:\/\/api.w.org\/{rel}","templated":true}]}}